{"id":940,"date":"2025-07-24T14:38:41","date_gmt":"2025-07-24T19:38:41","guid":{"rendered":"https:\/\/olympomarket.com\/?post_type=product&#038;p=940"},"modified":"2026-01-10T12:06:32","modified_gmt":"2026-01-10T17:06:32","slug":"tazas","status":"publish","type":"product","link":"https:\/\/olympomarket.com\/index.php\/product\/tazas\/","title":{"rendered":"Tazas"},"content":{"rendered":"<p data-start=\"0\" data-end=\"290\">Las tazas de Snoopy son el complemento perfecto para empezar el d\u00eda con buen \u00e1nimo y un toque de ternura. Inspiradas en el cl\u00e1sico personaje de <em data-start=\"148\" data-end=\"157\">Peanuts<\/em>, estas tazas destacan por sus dise\u00f1os encantadores y coloridos que capturan la esencia alegre y nost\u00e1lgica de Snoopy y sus amigos.<\/p>\n<p data-start=\"292\" data-end=\"629\">Fabricadas con cer\u00e1mica de alta calidad, ofrecen una excelente resistencia al calor y a los lavados frecuentes, manteniendo intactos sus colores y detalles. Son ideales para disfrutar tu caf\u00e9, t\u00e9, chocolate caliente o cualquier bebida favorita, gracias a su capacidad c\u00f3moda y su asa ergon\u00f3mica que brinda un agarre firme y seguro.<\/p>\n<p data-start=\"631\" data-end=\"878\">Adem\u00e1s, su dise\u00f1o las convierte en un regalo perfecto para fans de Snoopy o para quienes disfrutan de los detalles que alegran el d\u00eda. Pueden utilizarse tanto en casa como en la oficina, a\u00f1adiendo un toque de estilo y nostalgia a cada pausa.<\/p>\n<p data-start=\"880\" data-end=\"1003\" data-is-last-node=\"\" data-is-only-node=\"\">Con las tazas de Snoopy, cada sorbo se convierte en un momento especial lleno de calidez, personalidad y diversi\u00f3n. \u2615\ud83d\udc3e<\/p>\n","protected":false},"excerpt":{"rendered":"<p>Las tazas de Snoopy son el complemento perfecto para empezar el d\u00eda con buen \u00e1nimo y un toque de ternura. Inspiradas en el cl\u00e1sico personaje de <em data-start=\"148\" data-end=\"157\">Peanuts<\/em>, estas tazas destacan por sus dise\u00f1os encantadores y coloridos que capturan la esencia alegre y nost\u00e1lgica de Snoopy y sus amigos.<\/p>\n<p><a href=\"https:\/\/www.facebook.com\/Olympo.CORP\/\" target=\"_blank\" rel=\"noopener\">Visitar las redes de Olympo<\/a><\/p>\n","protected":false},"featured_media":1898,"comment_status":"open","ping_status":"closed","template":"","meta":[],"product_brand":[],"product_cat":[57],"product_tag":[56],"class_list":{"0":"post-940","1":"product","2":"type-product","3":"status-publish","4":"has-post-thumbnail","6":"product_cat-articulos-para-el-hogar","7":"product_tag-snoopy","9":"first","10":"outofstock","11":"taxable","12":"shipping-taxable","13":"purchasable","14":"product-type-variable","15":"has-default-attributes","16":"add-to-wishlist-before_image"},"_links":{"self":[{"href":"https:\/\/olympomarket.com\/index.php\/wp-json\/wp\/v2\/product\/940","targetHints":{"allow":["GET"]}}],"collection":[{"href":"https:\/\/olympomarket.com\/index.php\/wp-json\/wp\/v2\/product"}],"about":[{"href":"https:\/\/olympomarket.com\/index.php\/wp-json\/wp\/v2\/types\/product"}],"replies":[{"embeddable":true,"href":"https:\/\/olympomarket.com\/index.php\/wp-json\/wp\/v2\/comments?post=940"}],"wp:featuredmedia":[{"embeddable":true,"href":"https:\/\/olympomarket.com\/index.php\/wp-json\/wp\/v2\/media\/1898"}],"wp:attachment":[{"href":"https:\/\/olympomarket.com\/index.php\/wp-json\/wp\/v2\/media?parent=940"}],"wp:term":[{"taxonomy":"product_brand","embeddable":true,"href":"https:\/\/olympomarket.com\/index.php\/wp-json\/wp\/v2\/product_brand?post=940"},{"taxonomy":"product_cat","embeddable":true,"href":"https:\/\/olympomarket.com\/index.php\/wp-json\/wp\/v2\/product_cat?post=940"},{"taxonomy":"product_tag","embeddable":true,"href":"https:\/\/olympomarket.com\/index.php\/wp-json\/wp\/v2\/product_tag?post=940"}],"curies":[{"name":"wp","href":"https:\/\/api.w.org\/{rel}","templated":true}]}}