{"id":884,"date":"2025-07-24T10:16:41","date_gmt":"2025-07-24T15:16:41","guid":{"rendered":"https:\/\/olympomarket.com\/?post_type=product&#038;p=884"},"modified":"2025-11-30T15:45:48","modified_gmt":"2025-11-30T20:45:48","slug":"cojin-lumbar","status":"publish","type":"product","link":"https:\/\/olympomarket.com\/index.php\/product\/cojin-lumbar\/","title":{"rendered":"Coj\u00edn Lumbar"},"content":{"rendered":"<article class=\"text-token-text-primary w-full focus:outline-none scroll-mt-[calc(var(--header-height)+min(200px,max(70px,20svh)))]\" dir=\"auto\" tabindex=\"-1\" data-turn-id=\"request-68c31a36-20dc-8321-b443-b97f7d3bdc55-52\" data-testid=\"conversation-turn-154\" data-scroll-anchor=\"true\" data-turn=\"assistant\">\n<div class=\"text-base my-auto mx-auto pb-10 [--thread-content-margin:--spacing(4)] thread-sm:[--thread-content-margin:--spacing(6)] thread-lg:[--thread-content-margin:--spacing(16)] px-(--thread-content-margin)\">\n<div class=\"[--thread-content-max-width:40rem] thread-lg:[--thread-content-max-width:48rem] mx-auto max-w-(--thread-content-max-width) flex-1 group\/turn-messages focus-visible:outline-hidden relative flex w-full min-w-0 flex-col agent-turn\" tabindex=\"-1\">\n<div class=\"flex max-w-full flex-col grow\">\n<div class=\"min-h-8 text-message relative flex w-full flex-col items-end gap-2 text-start break-words whitespace-normal [.text-message+&amp;]:mt-5\" dir=\"auto\" data-message-author-role=\"assistant\" data-message-id=\"ea316f37-3acc-49ad-80c9-d094f867dab0\" data-message-model-slug=\"gpt-5\">\n<div class=\"flex w-full flex-col gap-1 empty:hidden first:pt-[1px]\">\n<div class=\"markdown prose dark:prose-invert w-full break-words dark markdown-new-styling\">\n<p data-start=\"0\" data-end=\"352\">El coj\u00edn lumbar es el complemento perfecto para mejorar tu postura y aliviar la tensi\u00f3n en la zona baja de la espalda durante largas horas de trabajo o estudio. Su dise\u00f1o ergon\u00f3mico se adapta naturalmente a la curvatura de la columna, brindando un soporte firme pero c\u00f3modo que ayuda a mantener una posici\u00f3n correcta y reducir la fatiga muscular.<\/p>\n<p data-start=\"354\" data-end=\"841\">Fabricado con materiales de alta calidad, el coj\u00edn cuenta con un relleno de espuma viscoel\u00e1stica que conserva su forma con el tiempo, proporcionando confort constante sin deformarse. Su funda es suave al tacto, transpirable y f\u00e1cil de limpiar, lo que garantiza frescura incluso en climas c\u00e1lidos. Adem\u00e1s, incorpora una correa ajustable que permite fijarlo f\u00e1cilmente a cualquier tipo de silla, ya sea de oficina, gamer o vehicular, asegurando que permanezca en su lugar sin deslizarse.<\/p>\n<p data-start=\"843\" data-end=\"1080\">Ideal para personas que pasan muchas horas sentadas frente al escritorio o que sufren molestias lumbares, este coj\u00edn ofrece un apoyo efectivo que contribuye a una mejor alineaci\u00f3n de la columna y una experiencia m\u00e1s c\u00f3moda y saludable.<\/p>\n<p data-start=\"1082\" data-end=\"1262\" data-is-last-node=\"\" data-is-only-node=\"\">Con un dise\u00f1o moderno y funcional, el coj\u00edn lumbar combina estilo y ergonom\u00eda en un solo accesorio, convirti\u00e9ndose en una inversi\u00f3n inteligente para cuidar tu bienestar diario.<\/p>\n<\/div>\n<\/div>\n<\/div>\n<\/div>\n<div><\/div>\n<div class=\"z-0 flex min-h-[46px] justify-start\">El coj\u00edn lumbar incluye correa ajustable.<\/div>\n<\/div>\n<\/div>\n<\/article>\n<p>Colores de funda disponibles en blanco y negro.<\/p>\n","protected":false},"excerpt":{"rendered":"<p>El coj\u00edn lumbar es el complemento perfecto para mejorar tu postura y aliviar la tensi\u00f3n en la zona baja de la espalda durante largas horas de trabajo o estudio. Su dise\u00f1o ergon\u00f3mico se adapta naturalmente a la curvatura de la columna, brindando un soporte firme pero c\u00f3modo que ayuda a mantener una posici\u00f3n correcta y reducir la fatiga muscular.<\/p>\n<p><a href=\"https:\/\/www.facebook.com\/Olympo.CORP\/\" target=\"_blank\" rel=\"noopener\">Visitar las redes de Olympo<\/a><\/p>\n","protected":false},"featured_media":1879,"comment_status":"open","ping_status":"closed","template":"","meta":[],"product_brand":[],"product_cat":[58],"product_tag":[],"class_list":{"0":"post-884","1":"product","2":"type-product","3":"status-publish","4":"has-post-thumbnail","6":"product_cat-cojines-lumbares","8":"first","9":"instock","10":"sale","11":"taxable","12":"shipping-taxable","13":"purchasable","14":"product-type-simple","15":"add-to-wishlist-before_image"},"_links":{"self":[{"href":"https:\/\/olympomarket.com\/index.php\/wp-json\/wp\/v2\/product\/884","targetHints":{"allow":["GET"]}}],"collection":[{"href":"https:\/\/olympomarket.com\/index.php\/wp-json\/wp\/v2\/product"}],"about":[{"href":"https:\/\/olympomarket.com\/index.php\/wp-json\/wp\/v2\/types\/product"}],"replies":[{"embeddable":true,"href":"https:\/\/olympomarket.com\/index.php\/wp-json\/wp\/v2\/comments?post=884"}],"wp:featuredmedia":[{"embeddable":true,"href":"https:\/\/olympomarket.com\/index.php\/wp-json\/wp\/v2\/media\/1879"}],"wp:attachment":[{"href":"https:\/\/olympomarket.com\/index.php\/wp-json\/wp\/v2\/media?parent=884"}],"wp:term":[{"taxonomy":"product_brand","embeddable":true,"href":"https:\/\/olympomarket.com\/index.php\/wp-json\/wp\/v2\/product_brand?post=884"},{"taxonomy":"product_cat","embeddable":true,"href":"https:\/\/olympomarket.com\/index.php\/wp-json\/wp\/v2\/product_cat?post=884"},{"taxonomy":"product_tag","embeddable":true,"href":"https:\/\/olympomarket.com\/index.php\/wp-json\/wp\/v2\/product_tag?post=884"}],"curies":[{"name":"wp","href":"https:\/\/api.w.org\/{rel}","templated":true}]}}