{"id":661,"date":"2025-07-19T12:38:16","date_gmt":"2025-07-19T17:38:16","guid":{"rendered":"https:\/\/olympomarket.com\/?post_type=product&#038;p=661"},"modified":"2026-04-01T16:43:28","modified_gmt":"2026-04-01T21:43:28","slug":"basculante-2p","status":"publish","type":"product","link":"https:\/\/olympomarket.com\/index.php\/product\/basculante-2p\/","title":{"rendered":"Basculante 2p"},"content":{"rendered":"<p data-start=\"78\" data-end=\"456\">El plato basculante 2P est\u00e1 dise\u00f1ado para quienes buscan un ajuste m\u00e1s completo y preciso en su silla de oficina, ejecutiva o ergon\u00f3mica. Su sistema de doble palanca (2P) permite controlar de forma independiente la altura del asiento y el bloqueo de la reclinaci\u00f3n, ofreciendo una postura personalizada y mayor comodidad durante largas jornadas de trabajo.<\/p>\n<p data-start=\"458\" data-end=\"762\">Fabricado en acero de alta resistencia, este mecanismo garantiza durabilidad, estabilidad y soporte confiable, ideal para uso profesional o intensivo. Su dise\u00f1o reforzado y adaptable lo hace compatible con la mayor\u00eda de pistones y bases est\u00e1ndar, facilitando su instalaci\u00f3n y mantenimiento.<\/p>\n<p data-start=\"764\" data-end=\"800\">\u2705 Caracter\u00edsticas principales:<\/p>\n<ul data-start=\"801\" data-end=\"1087\">\n<li data-start=\"801\" data-end=\"850\">\n<p data-start=\"803\" data-end=\"850\">Tipo: Plato basculante 2P (doble palanca)<\/p>\n<\/li>\n<li data-start=\"851\" data-end=\"911\">\n<p data-start=\"853\" data-end=\"911\">Funciones: Ajuste de altura y bloqueo de reclinaci\u00f3n<\/p>\n<\/li>\n<li data-start=\"912\" data-end=\"965\">\n<p data-start=\"914\" data-end=\"965\">Material: Acero reforzado de alta durabilidad<\/p>\n<\/li>\n<li data-start=\"966\" data-end=\"1028\">\n<p data-start=\"968\" data-end=\"1028\">Compatibilidad: Sillas ejecutivas, ergon\u00f3micas y gamer<\/p>\n<\/li>\n<li data-start=\"1029\" data-end=\"1087\">\n<p data-start=\"1031\" data-end=\"1087\">Mecanismo: Compatible con pistones de gas est\u00e1ndar<\/p>\n<\/li>\n<\/ul>\n<p data-start=\"1089\" data-end=\"1267\" data-is-last-node=\"\" data-is-only-node=\"\">\ud83d\udcba El plato basculante 2P brinda control total, ergonom\u00eda y resistencia, siendo la opci\u00f3n ideal para optimizar el confort y el rendimiento de cualquier silla profesional.<\/p>\n","protected":false},"excerpt":{"rendered":"<p>El plato basculante 2P est\u00e1 dise\u00f1ado para quienes buscan un ajuste m\u00e1s completo y preciso en su silla de oficina, ejecutiva o ergon\u00f3mica. Su sistema de doble palanca (2P) permite controlar de forma independiente la altura del asiento y el bloqueo de la reclinaci\u00f3n, ofreciendo una postura personalizada y mayor comodidad durante largas jornadas de trabajo.<\/p>\n<p><a href=\"https:\/\/www.facebook.com\/Olympo.CORP\/\" target=\"_blank\" rel=\"noopener\">Visitar las redes de Olympo<\/a><\/p>\n","protected":false},"featured_media":1845,"comment_status":"open","ping_status":"closed","template":"","meta":[],"product_brand":[],"product_cat":[41],"product_tag":[],"class_list":{"0":"post-661","1":"product","2":"type-product","3":"status-publish","4":"has-post-thumbnail","6":"product_cat-platos","7":"product_shipping_class-repuestos","9":"first","10":"instock","11":"taxable","12":"shipping-taxable","13":"purchasable","14":"product-type-simple","15":"add-to-wishlist-before_image"},"_links":{"self":[{"href":"https:\/\/olympomarket.com\/index.php\/wp-json\/wp\/v2\/product\/661","targetHints":{"allow":["GET"]}}],"collection":[{"href":"https:\/\/olympomarket.com\/index.php\/wp-json\/wp\/v2\/product"}],"about":[{"href":"https:\/\/olympomarket.com\/index.php\/wp-json\/wp\/v2\/types\/product"}],"replies":[{"embeddable":true,"href":"https:\/\/olympomarket.com\/index.php\/wp-json\/wp\/v2\/comments?post=661"}],"wp:featuredmedia":[{"embeddable":true,"href":"https:\/\/olympomarket.com\/index.php\/wp-json\/wp\/v2\/media\/1845"}],"wp:attachment":[{"href":"https:\/\/olympomarket.com\/index.php\/wp-json\/wp\/v2\/media?parent=661"}],"wp:term":[{"taxonomy":"product_brand","embeddable":true,"href":"https:\/\/olympomarket.com\/index.php\/wp-json\/wp\/v2\/product_brand?post=661"},{"taxonomy":"product_cat","embeddable":true,"href":"https:\/\/olympomarket.com\/index.php\/wp-json\/wp\/v2\/product_cat?post=661"},{"taxonomy":"product_tag","embeddable":true,"href":"https:\/\/olympomarket.com\/index.php\/wp-json\/wp\/v2\/product_tag?post=661"}],"curies":[{"name":"wp","href":"https:\/\/api.w.org\/{rel}","templated":true}]}}