{"id":657,"date":"2025-07-19T12:35:53","date_gmt":"2025-07-19T17:35:53","guid":{"rendered":"https:\/\/olympomarket.com\/?post_type=product&#038;p=657"},"modified":"2026-04-01T16:44:10","modified_gmt":"2026-04-01T21:44:10","slug":"basculante-1p","status":"publish","type":"product","link":"https:\/\/olympomarket.com\/index.php\/product\/basculante-1p\/","title":{"rendered":"Basculante 1p"},"content":{"rendered":"<p data-start=\"73\" data-end=\"431\">El plato basculante 1P es un componente esencial para sillas de oficina o ejecutivas, dise\u00f1ado para ofrecer comodidad y funcionalidad en un solo sistema. Su mecanismo de una palanca (1P) permite controlar f\u00e1cilmente la altura del asiento y la funci\u00f3n de reclinaci\u00f3n por balanceo, brindando una experiencia ergon\u00f3mica y adaptable al usuario.<\/p>\n<p data-start=\"433\" data-end=\"711\">Fabricado con acero de alta resistencia, garantiza durabilidad, estabilidad y soporte prolongado, incluso en uso intensivo. Su dise\u00f1o universal lo hace compatible con la mayor\u00eda de sillas de oficina, gamer o ergon\u00f3micas, facilitando su instalaci\u00f3n y mantenimiento.<\/p>\n<p data-start=\"713\" data-end=\"749\">\u2705 Caracter\u00edsticas principales:<\/p>\n<ul data-start=\"750\" data-end=\"1036\">\n<li data-start=\"750\" data-end=\"797\">\n<p data-start=\"752\" data-end=\"797\">Tipo: Plato basculante 1P (una palanca)<\/p>\n<\/li>\n<li data-start=\"798\" data-end=\"860\">\n<p data-start=\"800\" data-end=\"860\">Funciones: Ajuste de altura y reclinaci\u00f3n por balanceo<\/p>\n<\/li>\n<li data-start=\"861\" data-end=\"914\">\n<p data-start=\"863\" data-end=\"914\">Material: Acero reforzado de alta durabilidad<\/p>\n<\/li>\n<li data-start=\"915\" data-end=\"977\">\n<p data-start=\"917\" data-end=\"977\">Compatibilidad: Sillas de oficina, gamer o ergon\u00f3micas<\/p>\n<\/li>\n<li data-start=\"978\" data-end=\"1036\">\n<p data-start=\"980\" data-end=\"1036\">Mecanismo de gas: Compatible con pistones est\u00e1ndar<\/p>\n<\/li>\n<\/ul>\n<p data-start=\"1038\" data-end=\"1213\" data-is-last-node=\"\" data-is-only-node=\"\">\ud83d\udcba El plato basculante 1P ofrece rendimiento confiable, control ergon\u00f3mico y f\u00e1cil manejo, siendo la elecci\u00f3n perfecta para renovar o mejorar la comodidad de tu silla.<\/p>\n","protected":false},"excerpt":{"rendered":"<p>El plato basculante 1P es un componente esencial para sillas de oficina o ejecutivas, dise\u00f1ado para ofrecer comodidad y funcionalidad en un solo sistema. Su mecanismo de una palanca (1P) permite controlar f\u00e1cilmente la altura del asiento y la funci\u00f3n de reclinaci\u00f3n por balanceo, brindando una experiencia ergon\u00f3mica y adaptable al usuario.<\/p>\n<p><a href=\"https:\/\/www.facebook.com\/Olympo.CORP\/\" target=\"_blank\" rel=\"noopener\">Visitar las redes de Olympo<\/a><\/p>\n","protected":false},"featured_media":1844,"comment_status":"open","ping_status":"closed","template":"","meta":[],"product_brand":[],"product_cat":[41],"product_tag":[],"class_list":{"0":"post-657","1":"product","2":"type-product","3":"status-publish","4":"has-post-thumbnail","6":"product_cat-platos","7":"product_shipping_class-repuestos","9":"first","10":"instock","11":"taxable","12":"shipping-taxable","13":"purchasable","14":"product-type-simple","15":"add-to-wishlist-before_image"},"_links":{"self":[{"href":"https:\/\/olympomarket.com\/index.php\/wp-json\/wp\/v2\/product\/657","targetHints":{"allow":["GET"]}}],"collection":[{"href":"https:\/\/olympomarket.com\/index.php\/wp-json\/wp\/v2\/product"}],"about":[{"href":"https:\/\/olympomarket.com\/index.php\/wp-json\/wp\/v2\/types\/product"}],"replies":[{"embeddable":true,"href":"https:\/\/olympomarket.com\/index.php\/wp-json\/wp\/v2\/comments?post=657"}],"wp:featuredmedia":[{"embeddable":true,"href":"https:\/\/olympomarket.com\/index.php\/wp-json\/wp\/v2\/media\/1844"}],"wp:attachment":[{"href":"https:\/\/olympomarket.com\/index.php\/wp-json\/wp\/v2\/media?parent=657"}],"wp:term":[{"taxonomy":"product_brand","embeddable":true,"href":"https:\/\/olympomarket.com\/index.php\/wp-json\/wp\/v2\/product_brand?post=657"},{"taxonomy":"product_cat","embeddable":true,"href":"https:\/\/olympomarket.com\/index.php\/wp-json\/wp\/v2\/product_cat?post=657"},{"taxonomy":"product_tag","embeddable":true,"href":"https:\/\/olympomarket.com\/index.php\/wp-json\/wp\/v2\/product_tag?post=657"}],"curies":[{"name":"wp","href":"https:\/\/api.w.org\/{rel}","templated":true}]}}