{"id":643,"date":"2025-07-19T12:23:25","date_gmt":"2025-07-19T17:23:25","guid":{"rendered":"https:\/\/olympomarket.com\/?post_type=product&#038;p=643"},"modified":"2025-10-08T12:53:51","modified_gmt":"2025-10-08T17:53:51","slug":"piston-cajero","status":"publish","type":"product","link":"https:\/\/olympomarket.com\/index.php\/product\/piston-cajero\/","title":{"rendered":"Pist\u00f3n Cajero"},"content":{"rendered":"<p data-start=\"67\" data-end=\"425\">El pist\u00f3n cajero cromado es una pieza esencial para sillas de oficina o tipo cajero, ofreciendo un soporte firme, duradero y seguro para un uso diario intensivo. Dise\u00f1ado con acabado cromado brillante, no solo aporta un aspecto elegante, sino tambi\u00e9n una mayor protecci\u00f3n contra la corrosi\u00f3n y el desgaste, garantizando una larga vida \u00fatil.<\/p>\n<p data-start=\"427\" data-end=\"744\">Con una capacidad de soporte de hasta 120 kg, este pist\u00f3n asegura un rendimiento estable y confiable, manteniendo la altura y estabilidad adecuadas del asiento. Su sistema de gas presurizado permite un ajuste de altura suave y preciso, adapt\u00e1ndose perfectamente a diferentes entornos de trabajo o mostrador.<\/p>\n<p data-start=\"746\" data-end=\"782\">\u2705 Caracter\u00edsticas principales:<\/p>\n<ul data-start=\"783\" data-end=\"1018\">\n<li data-start=\"783\" data-end=\"810\">\n<p data-start=\"785\" data-end=\"810\">Tipo: Pist\u00f3n cajero<\/p>\n<\/li>\n<li data-start=\"811\" data-end=\"862\">\n<p data-start=\"813\" data-end=\"862\">Material: Acero cromado de alta resistencia<\/p>\n<\/li>\n<li data-start=\"863\" data-end=\"893\">\n<p data-start=\"865\" data-end=\"893\">Soporte m\u00e1ximo: 120 kg<\/p>\n<\/li>\n<li data-start=\"894\" data-end=\"955\">\n<p data-start=\"896\" data-end=\"955\">Acabado: Cromado brillante, resistente a la corrosi\u00f3n<\/p>\n<\/li>\n<li data-start=\"956\" data-end=\"1018\">\n<p data-start=\"958\" data-end=\"1018\">Funci\u00f3n: Regulaci\u00f3n de altura mediante gas presurizado<\/p>\n<\/li>\n<\/ul>\n<p data-start=\"1020\" data-end=\"1210\" data-is-last-node=\"\" data-is-only-node=\"\">\ud83d\udcba El pist\u00f3n cajero cromado combina funcionalidad, resistencia y un dise\u00f1o moderno, siendo la opci\u00f3n ideal para mantener tu silla en \u00f3ptimas condiciones y con un acabado profesional.<\/p>\n","protected":false},"excerpt":{"rendered":"<p>El pist\u00f3n cajero cromado es una pieza esencial para sillas de oficina o tipo cajero, ofreciendo un soporte firme, duradero y seguro para un uso diario intensivo. Dise\u00f1ado con acabado cromado brillante, no solo aporta un aspecto elegante, sino tambi\u00e9n una mayor protecci\u00f3n contra la corrosi\u00f3n y el desgaste, garantizando una larga vida \u00fatil.<\/p>\n<p><a href=\"https:\/\/www.facebook.com\/Olympo.CORP\/\" target=\"_blank\" rel=\"noopener\">Visitar las redes de Olympo<\/a><\/p>\n","protected":false},"featured_media":1836,"comment_status":"open","ping_status":"closed","template":"","meta":[],"product_brand":[],"product_cat":[40],"product_tag":[],"class_list":{"0":"post-643","1":"product","2":"type-product","3":"status-publish","4":"has-post-thumbnail","6":"product_cat-pistones-de-gas","7":"product_shipping_class-repuestos","9":"first","10":"instock","11":"taxable","12":"shipping-taxable","13":"purchasable","14":"product-type-simple","15":"add-to-wishlist-before_image"},"_links":{"self":[{"href":"https:\/\/olympomarket.com\/index.php\/wp-json\/wp\/v2\/product\/643","targetHints":{"allow":["GET"]}}],"collection":[{"href":"https:\/\/olympomarket.com\/index.php\/wp-json\/wp\/v2\/product"}],"about":[{"href":"https:\/\/olympomarket.com\/index.php\/wp-json\/wp\/v2\/types\/product"}],"replies":[{"embeddable":true,"href":"https:\/\/olympomarket.com\/index.php\/wp-json\/wp\/v2\/comments?post=643"}],"wp:featuredmedia":[{"embeddable":true,"href":"https:\/\/olympomarket.com\/index.php\/wp-json\/wp\/v2\/media\/1836"}],"wp:attachment":[{"href":"https:\/\/olympomarket.com\/index.php\/wp-json\/wp\/v2\/media?parent=643"}],"wp:term":[{"taxonomy":"product_brand","embeddable":true,"href":"https:\/\/olympomarket.com\/index.php\/wp-json\/wp\/v2\/product_brand?post=643"},{"taxonomy":"product_cat","embeddable":true,"href":"https:\/\/olympomarket.com\/index.php\/wp-json\/wp\/v2\/product_cat?post=643"},{"taxonomy":"product_tag","embeddable":true,"href":"https:\/\/olympomarket.com\/index.php\/wp-json\/wp\/v2\/product_tag?post=643"}],"curies":[{"name":"wp","href":"https:\/\/api.w.org\/{rel}","templated":true}]}}