{"id":635,"date":"2025-07-19T12:21:35","date_gmt":"2025-07-19T17:21:35","guid":{"rendered":"https:\/\/olympomarket.com\/?post_type=product&#038;p=635"},"modified":"2026-04-01T16:49:20","modified_gmt":"2026-04-01T21:49:20","slug":"pistones-bifma","status":"publish","type":"product","link":"https:\/\/olympomarket.com\/index.php\/product\/pistones-bifma\/","title":{"rendered":"Pistones BIFMA"},"content":{"rendered":"<article class=\"text-token-text-primary w-full focus:outline-none scroll-mt-[calc(var(--header-height)+min(200px,max(70px,20svh)))]\" dir=\"auto\" tabindex=\"-1\" data-turn-id=\"request-68c31a36-20dc-8321-b443-b97f7d3bdc55-28\" data-testid=\"conversation-turn-110\" data-scroll-anchor=\"true\" data-turn=\"assistant\">\n<div class=\"text-base my-auto mx-auto pb-10 [--thread-content-margin:--spacing(4)] thread-sm:[--thread-content-margin:--spacing(6)] thread-lg:[--thread-content-margin:--spacing(16)] px-(--thread-content-margin)\">\n<div class=\"[--thread-content-max-width:40rem] thread-lg:[--thread-content-max-width:48rem] mx-auto max-w-(--thread-content-max-width) flex-1 group\/turn-messages focus-visible:outline-hidden relative flex w-full min-w-0 flex-col agent-turn\" tabindex=\"-1\">\n<div class=\"flex max-w-full flex-col grow\">\n<div class=\"min-h-8 text-message relative flex w-full flex-col items-end gap-2 text-start break-words whitespace-normal [.text-message+&amp;]:mt-5\" dir=\"auto\" data-message-author-role=\"assistant\" data-message-id=\"19ce9a26-2d4b-489a-8b1e-66232f64749f\" data-message-model-slug=\"gpt-5\">\n<div class=\"flex w-full flex-col gap-1 empty:hidden first:pt-[1px]\">\n<div class=\"markdown prose dark:prose-invert w-full break-words dark markdown-new-styling\">\n<p data-start=\"89\" data-end=\"425\">Los pistones BIFMA est\u00e1n dise\u00f1ados para ofrecer un rendimiento superior y una durabilidad certificada, cumpliendo con los m\u00e1s altos est\u00e1ndares internacionales de calidad y seguridad. Gracias a su certificaci\u00f3n BIFMA, garantizan una estructura confiable, ideal para sillas ejecutivas, ergon\u00f3micas y gamer de alto desempe\u00f1o.<\/p>\n<p data-start=\"427\" data-end=\"774\">Disponibles en acabado cromado o negro, combinan estilo y funcionalidad, adapt\u00e1ndose f\u00e1cilmente al dise\u00f1o de cualquier silla. Su sistema de gas presurizado permite un ajuste de altura suave y controlado, mientras que su construcci\u00f3n reforzada proporciona soporte de hasta 190 kg, asegurando estabilidad y confort en todo momento.<\/p>\n<p data-start=\"776\" data-end=\"812\">\u2705 Caracter\u00edsticas principales:<\/p>\n<ul data-start=\"813\" data-end=\"1115\">\n<li data-start=\"813\" data-end=\"845\">\n<p data-start=\"815\" data-end=\"845\">Tipo: Pist\u00f3n clase BIFMA<\/p>\n<\/li>\n<li data-start=\"846\" data-end=\"876\">\n<p data-start=\"848\" data-end=\"876\">Soporte m\u00e1ximo: 190 kg<\/p>\n<\/li>\n<li data-start=\"877\" data-end=\"922\">\n<p data-start=\"879\" data-end=\"922\">Acabados disponibles: Cromado y negro<\/p>\n<\/li>\n<li data-start=\"923\" data-end=\"987\">\n<p data-start=\"925\" data-end=\"987\">Certificaci\u00f3n: BIFMA (est\u00e1ndar de calidad internacional)<\/p>\n<\/li>\n<li data-start=\"988\" data-end=\"1052\">\n<p data-start=\"990\" data-end=\"1052\">Mecanismo: Regulaci\u00f3n de altura mediante gas presurizado<\/p>\n<\/li>\n<li data-start=\"1053\" data-end=\"1115\">\n<p data-start=\"1055\" data-end=\"1115\">Compatibilidad: Sillas gamer, ejecutivas y ergon\u00f3micas<\/p>\n<\/li>\n<\/ul>\n<p data-start=\"1117\" data-end=\"1327\" data-is-last-node=\"\" data-is-only-node=\"\">\ud83d\udcaa Los pistones BIFMA cromado y negro representan resistencia, precisi\u00f3n y seguridad profesional, siendo la elecci\u00f3n ideal para quienes buscan rendimiento de alta gama y larga vida \u00fatil en su silla.<\/p>\n<\/div>\n<\/div>\n<\/div>\n<\/div>\n<\/div>\n<\/div>\n<\/article>\n","protected":false},"excerpt":{"rendered":"<p>Los pistones BIFMA est\u00e1n dise\u00f1ados para ofrecer un rendimiento superior y una durabilidad certificada, cumpliendo con los m\u00e1s altos est\u00e1ndares internacionales de calidad y seguridad. Gracias a su certificaci\u00f3n BIFMA, garantizan una estructura confiable, ideal para sillas ejecutivas, ergon\u00f3micas y gamer de alto desempe\u00f1o.<\/p>\n<p><a href=\"https:\/\/www.facebook.com\/Olympo.CORP\/\" target=\"_blank\" rel=\"noopener\">Visitar las redes de Olympo<\/a><\/p>\n","protected":false},"featured_media":1837,"comment_status":"open","ping_status":"closed","template":"","meta":[],"product_brand":[],"product_cat":[40],"product_tag":[],"class_list":{"0":"post-635","1":"product","2":"type-product","3":"status-publish","4":"has-post-thumbnail","6":"product_cat-pistones-de-gas","7":"product_shipping_class-repuestos","9":"first","10":"instock","11":"taxable","12":"shipping-taxable","13":"purchasable","14":"product-type-simple","15":"add-to-wishlist-before_image"},"_links":{"self":[{"href":"https:\/\/olympomarket.com\/index.php\/wp-json\/wp\/v2\/product\/635","targetHints":{"allow":["GET"]}}],"collection":[{"href":"https:\/\/olympomarket.com\/index.php\/wp-json\/wp\/v2\/product"}],"about":[{"href":"https:\/\/olympomarket.com\/index.php\/wp-json\/wp\/v2\/types\/product"}],"replies":[{"embeddable":true,"href":"https:\/\/olympomarket.com\/index.php\/wp-json\/wp\/v2\/comments?post=635"}],"wp:featuredmedia":[{"embeddable":true,"href":"https:\/\/olympomarket.com\/index.php\/wp-json\/wp\/v2\/media\/1837"}],"wp:attachment":[{"href":"https:\/\/olympomarket.com\/index.php\/wp-json\/wp\/v2\/media?parent=635"}],"wp:term":[{"taxonomy":"product_brand","embeddable":true,"href":"https:\/\/olympomarket.com\/index.php\/wp-json\/wp\/v2\/product_brand?post=635"},{"taxonomy":"product_cat","embeddable":true,"href":"https:\/\/olympomarket.com\/index.php\/wp-json\/wp\/v2\/product_cat?post=635"},{"taxonomy":"product_tag","embeddable":true,"href":"https:\/\/olympomarket.com\/index.php\/wp-json\/wp\/v2\/product_tag?post=635"}],"curies":[{"name":"wp","href":"https:\/\/api.w.org\/{rel}","templated":true}]}}