{"id":621,"date":"2025-07-19T11:48:08","date_gmt":"2025-07-19T16:48:08","guid":{"rendered":"https:\/\/olympomarket.com\/?post_type=product&#038;p=621"},"modified":"2025-10-08T11:07:07","modified_gmt":"2025-10-08T16:07:07","slug":"goma-bn","status":"publish","type":"product","link":"https:\/\/olympomarket.com\/index.php\/product\/goma-bn\/","title":{"rendered":"Goma B&#038;N"},"content":{"rendered":"<p>La rueda de goma B&amp;N de 5cm es una opci\u00f3n resistente, silenciosa y vers\u00e1til, dise\u00f1ada para brindar movilidad fluida y estabilidad a todo tipo de sillas de oficina, ejecutivas o ergon\u00f3micas. Su estructura robusta y su recubrimiento de goma garantizan un desplazamiento suave, evitando rayones y da\u00f1os en superficies como cer\u00e1mica, madera, porcelanato o pisos laminados.<\/p>\n<p>Fabricada con un n\u00facleo interno reforzado y una cubierta exterior de goma negra y blanca (B&amp;N), combina un excelente desempe\u00f1o t\u00e9cnico con un acabado moderno y elegante. Gracias a su sistema de anclaje est\u00e1ndar, se adapta f\u00e1cilmente a la mayor\u00eda de sillas con aspas de hierro, aluminio o nylon.<\/p>\n<p>Con un di\u00e1metro de 5 cm, esta rueda mantiene una altura equilibrada, ideal para garantizar la ergonom\u00eda del usuario sin comprometer la estabilidad. Su resistencia estructural permite soportar entre 130 y 140 kilogramos de carga total, distribuyendo el peso de manera uniforme en sus cinco puntos de apoyo.<\/p>\n<p>El material de goma evita ruidos molestos durante el movimiento y proporciona un rodaje firme y silencioso, ideal para oficinas, hogares o espacios con pisos delicados.<\/p>\n<p>Caracter\u00edsticas principales:<\/p>\n<p>Material: Goma reforzada B&amp;N.<\/p>\n<p>Di\u00e1metro: 50mm (5cm).<\/p>\n<p>Capacidad de carga: 130\u2013140kg (total en conjunto).<\/p>\n<p>Compatibilidad: Universal (v\u00e1stago est\u00e1ndar).<\/p>\n<p>Superficie recomendada: Todo tipo de piso.<\/p>\n<p>La rueda de goma B&amp;N 5cm es la opci\u00f3n ideal si buscas resistencia, elegancia y protecci\u00f3n para tus pisos en un solo componente.<\/p>\n","protected":false},"excerpt":{"rendered":"<p>La rueda de goma B&amp;N de 5cm es una opci\u00f3n resistente, silenciosa y vers\u00e1til, dise\u00f1ada para brindar movilidad fluida y estabilidad a todo tipo de sillas de oficina, ejecutivas o ergon\u00f3micas. Su estructura robusta y su recubrimiento de goma garantizan un desplazamiento suave, evitando rayones y da\u00f1os en superficies como cer\u00e1mica, madera, porcelanato o pisos laminados.<\/p>\n<p><a href=\"https:\/\/www.facebook.com\/Olympo.CORP\/\" target=\"_blank\" rel=\"noopener\">Visitar las redes de Olympo<\/a><\/p>\n","protected":false},"featured_media":1810,"comment_status":"open","ping_status":"closed","template":"","meta":[],"product_brand":[],"product_cat":[39],"product_tag":[],"class_list":{"0":"post-621","1":"product","2":"type-product","3":"status-publish","4":"has-post-thumbnail","6":"product_cat-ruedas","7":"product_shipping_class-repuestos","9":"first","10":"instock","11":"taxable","12":"shipping-taxable","13":"purchasable","14":"product-type-simple","15":"add-to-wishlist-before_image"},"_links":{"self":[{"href":"https:\/\/olympomarket.com\/index.php\/wp-json\/wp\/v2\/product\/621","targetHints":{"allow":["GET"]}}],"collection":[{"href":"https:\/\/olympomarket.com\/index.php\/wp-json\/wp\/v2\/product"}],"about":[{"href":"https:\/\/olympomarket.com\/index.php\/wp-json\/wp\/v2\/types\/product"}],"replies":[{"embeddable":true,"href":"https:\/\/olympomarket.com\/index.php\/wp-json\/wp\/v2\/comments?post=621"}],"wp:featuredmedia":[{"embeddable":true,"href":"https:\/\/olympomarket.com\/index.php\/wp-json\/wp\/v2\/media\/1810"}],"wp:attachment":[{"href":"https:\/\/olympomarket.com\/index.php\/wp-json\/wp\/v2\/media?parent=621"}],"wp:term":[{"taxonomy":"product_brand","embeddable":true,"href":"https:\/\/olympomarket.com\/index.php\/wp-json\/wp\/v2\/product_brand?post=621"},{"taxonomy":"product_cat","embeddable":true,"href":"https:\/\/olympomarket.com\/index.php\/wp-json\/wp\/v2\/product_cat?post=621"},{"taxonomy":"product_tag","embeddable":true,"href":"https:\/\/olympomarket.com\/index.php\/wp-json\/wp\/v2\/product_tag?post=621"}],"curies":[{"name":"wp","href":"https:\/\/api.w.org\/{rel}","templated":true}]}}