{"id":602,"date":"2025-07-19T11:42:12","date_gmt":"2025-07-19T16:42:12","guid":{"rendered":"https:\/\/olympomarket.com\/?post_type=product&#038;p=602"},"modified":"2025-10-08T11:31:49","modified_gmt":"2025-10-08T16:31:49","slug":"nylon","status":"publish","type":"product","link":"https:\/\/olympomarket.com\/index.php\/product\/nylon\/","title":{"rendered":"Nylon"},"content":{"rendered":"<p>La rueda de nylon es una rueda de nylon resistente y vers\u00e1til, dise\u00f1ada especialmente para sillas de oficina, taburetes y otros muebles que requieren movilidad constante. Su composici\u00f3n de alta calidad garantiza durabilidad, fluidez de desplazamiento y protecci\u00f3n para distintos tipos de superficies, evitando rayaduras o marcas en el piso.<\/p>\n<p>Este modelo est\u00e1 disponible en dos versiones, adapt\u00e1ndose a diferentes necesidades de soporte y uso:<\/p>\n<p>Versi\u00f3n est\u00e1ndar: soporta entre 100 kg y 120 kg, ideal para sillas de uso regular en oficinas, escritorios en casa o entornos educativos. Brinda un equilibrio perfecto entre resistencia, ligereza y practicidad.<\/p>\n<p>Versi\u00f3n reforzada: dise\u00f1ada para una capacidad mayor, soporta entre 110 kg y 130 kg, convirti\u00e9ndose en la opci\u00f3n adecuada para usuarios que requieren un nivel extra de resistencia. Esta versi\u00f3n garantiza mayor durabilidad frente al desgaste continuo y al peso adicional.<\/p>\n<p>Ambas variantes mantienen un dise\u00f1o funcional que asegura un movimiento suave y silencioso, mejorando la experiencia de uso en comparaci\u00f3n con ruedas convencionales. Adem\u00e1s, su sistema de ajuste a presi\u00f3n permite una instalaci\u00f3n sencilla, facilitando el reemplazo sin necesidad de herramientas especializadas.<\/p>\n<p>En conclusi\u00f3n, la rueda de nylon es la elecci\u00f3n ideal para quienes buscan ruedas confiables, resistentes y de f\u00e1cil instalaci\u00f3n, con la posibilidad de elegir entre una versi\u00f3n est\u00e1ndar o reforzada seg\u00fan las exigencias de uso. Un accesorio pensado para extender la vida \u00fatil de las sillas y mejorar la comodidad en el d\u00eda a d\u00eda.<\/p>\n","protected":false},"excerpt":{"rendered":"<p>La rueda de nylon es una rueda de nylon resistente y vers\u00e1til, dise\u00f1ada especialmente para sillas de oficina, taburetes y otros muebles que requieren movilidad constante. Su composici\u00f3n de alta calidad garantiza durabilidad, fluidez de desplazamiento y protecci\u00f3n para distintos tipos de superficies, evitando rayaduras o marcas en el piso.<\/p>\n<p><a href=\"https:\/\/www.facebook.com\/Olympo.CORP\/\" target=\"_blank\" rel=\"noopener\">Visitar las redes de Olympo<\/a><\/p>\n","protected":false},"featured_media":1816,"comment_status":"open","ping_status":"closed","template":"","meta":[],"product_brand":[],"product_cat":[39],"product_tag":[],"class_list":{"0":"post-602","1":"product","2":"type-product","3":"status-publish","4":"has-post-thumbnail","6":"product_cat-ruedas","7":"product_shipping_class-repuestos","9":"first","10":"instock","11":"taxable","12":"shipping-taxable","13":"purchasable","14":"product-type-variable","15":"has-default-attributes","16":"add-to-wishlist-before_image"},"_links":{"self":[{"href":"https:\/\/olympomarket.com\/index.php\/wp-json\/wp\/v2\/product\/602","targetHints":{"allow":["GET"]}}],"collection":[{"href":"https:\/\/olympomarket.com\/index.php\/wp-json\/wp\/v2\/product"}],"about":[{"href":"https:\/\/olympomarket.com\/index.php\/wp-json\/wp\/v2\/types\/product"}],"replies":[{"embeddable":true,"href":"https:\/\/olympomarket.com\/index.php\/wp-json\/wp\/v2\/comments?post=602"}],"wp:featuredmedia":[{"embeddable":true,"href":"https:\/\/olympomarket.com\/index.php\/wp-json\/wp\/v2\/media\/1816"}],"wp:attachment":[{"href":"https:\/\/olympomarket.com\/index.php\/wp-json\/wp\/v2\/media?parent=602"}],"wp:term":[{"taxonomy":"product_brand","embeddable":true,"href":"https:\/\/olympomarket.com\/index.php\/wp-json\/wp\/v2\/product_brand?post=602"},{"taxonomy":"product_cat","embeddable":true,"href":"https:\/\/olympomarket.com\/index.php\/wp-json\/wp\/v2\/product_cat?post=602"},{"taxonomy":"product_tag","embeddable":true,"href":"https:\/\/olympomarket.com\/index.php\/wp-json\/wp\/v2\/product_tag?post=602"}],"curies":[{"name":"wp","href":"https:\/\/api.w.org\/{rel}","templated":true}]}}