{"id":502,"date":"2025-07-18T13:51:58","date_gmt":"2025-07-18T18:51:58","guid":{"rendered":"https:\/\/olympomarket.com\/?post_type=product&#038;p=502"},"modified":"2026-04-01T17:22:49","modified_gmt":"2026-04-01T22:22:49","slug":"silla-brest","status":"publish","type":"product","link":"https:\/\/olympomarket.com\/index.php\/product\/silla-brest\/","title":{"rendered":"Silla Brest"},"content":{"rendered":"<p>La Silla Brest es una silla dise\u00f1ada para brindar mayor comodidad y soporte en el d\u00eda a d\u00eda, ya sea en la oficina o en el hogar. Su dise\u00f1o combina practicidad con detalles pensados en la ergonom\u00eda b\u00e1sica, ofreciendo una experiencia de uso confortable y confiable para quienes pasan varias horas sentados.<\/p>\n<p>Uno de sus principales atributos es la calidad de espuma de alta densidad, que garantiza un acolchado duradero y resistente al desgaste. Este material no solo conserva su forma con el tiempo, sino que tambi\u00e9n aporta mayor comodidad al distribuir el peso de manera uniforme, reduciendo puntos de presi\u00f3n y mejorando la sensaci\u00f3n al sentarse.<\/p>\n<p>La silla cuenta con una capacidad de soporte de hasta 130 kg, lo que la convierte en una opci\u00f3n robusta y segura para distintos tipos de usuarios. Esta caracter\u00edstica asegura confianza en su uso cotidiano y refleja su durabilidad en comparaci\u00f3n con modelos m\u00e1s b\u00e1sicos.<\/p>\n<p>Gracias a su dise\u00f1o, la Silla Brest se adapta a espacios de oficina, estudios o \u00e1reas de trabajo en casa, ofreciendo lo necesario para acompa\u00f1ar la productividad sin complicaciones. Es una elecci\u00f3n pr\u00e1ctica para quienes buscan un asiento c\u00f3modo, firme y con materiales de mejor calidad.<\/p>\n<p>En conclusi\u00f3n, la Silla Brest combina resistencia, comodidad y sencillez en un mismo producto, destacando como una opci\u00f3n econ\u00f3mica, pero con el plus de una espuma de alto rendimiento que marca la diferencia.<\/p>\n","protected":false},"excerpt":{"rendered":"<p>La Silla Brest es una silla dise\u00f1ada para brindar mayor comodidad y soporte en el d\u00eda a d\u00eda, ya sea en la oficina o en el hogar. Su dise\u00f1o combina practicidad con detalles pensados en la ergonom\u00eda b\u00e1sica, ofreciendo una experiencia de uso confortable y confiable para quienes pasan varias horas sentados.<\/p>\n<p><strong><a href=\"https:\/\/olympomarket.com\/wp-content\/uploads\/2025\/07\/Brest_Ficha-Tecnica.pdf\">Brest_Ficha T\u00e9cnica.pdf<\/a><\/strong><\/p>\n<p><a href=\"https:\/\/www.facebook.com\/Olympo.CORP\/\" target=\"_blank\" rel=\"noopener\">Visitar las redes de Olympo<\/a><\/p>\n","protected":false},"featured_media":1777,"comment_status":"open","ping_status":"closed","template":"","meta":[],"product_brand":[],"product_cat":[21],"product_tag":[],"class_list":{"0":"post-502","1":"product","2":"type-product","3":"status-publish","4":"has-post-thumbnail","6":"product_cat-ejecutivas","7":"product_shipping_class-sillas-de-oficina","9":"first","10":"instock","11":"sale","12":"taxable","13":"shipping-taxable","14":"purchasable","15":"product-type-simple","16":"add-to-wishlist-before_image"},"_links":{"self":[{"href":"https:\/\/olympomarket.com\/index.php\/wp-json\/wp\/v2\/product\/502","targetHints":{"allow":["GET"]}}],"collection":[{"href":"https:\/\/olympomarket.com\/index.php\/wp-json\/wp\/v2\/product"}],"about":[{"href":"https:\/\/olympomarket.com\/index.php\/wp-json\/wp\/v2\/types\/product"}],"replies":[{"embeddable":true,"href":"https:\/\/olympomarket.com\/index.php\/wp-json\/wp\/v2\/comments?post=502"}],"wp:featuredmedia":[{"embeddable":true,"href":"https:\/\/olympomarket.com\/index.php\/wp-json\/wp\/v2\/media\/1777"}],"wp:attachment":[{"href":"https:\/\/olympomarket.com\/index.php\/wp-json\/wp\/v2\/media?parent=502"}],"wp:term":[{"taxonomy":"product_brand","embeddable":true,"href":"https:\/\/olympomarket.com\/index.php\/wp-json\/wp\/v2\/product_brand?post=502"},{"taxonomy":"product_cat","embeddable":true,"href":"https:\/\/olympomarket.com\/index.php\/wp-json\/wp\/v2\/product_cat?post=502"},{"taxonomy":"product_tag","embeddable":true,"href":"https:\/\/olympomarket.com\/index.php\/wp-json\/wp\/v2\/product_tag?post=502"}],"curies":[{"name":"wp","href":"https:\/\/api.w.org\/{rel}","templated":true}]}}