{"id":498,"date":"2025-07-18T13:48:06","date_gmt":"2025-07-18T18:48:06","guid":{"rendered":"https:\/\/olympomarket.com\/?post_type=product&#038;p=498"},"modified":"2026-01-10T12:10:45","modified_gmt":"2026-01-10T17:10:45","slug":"escocia-negra","status":"publish","type":"product","link":"https:\/\/olympomarket.com\/index.php\/product\/escocia-negra\/","title":{"rendered":"Escocia Negra"},"content":{"rendered":"<p>La Escocia est\u00e1 dise\u00f1ada para quienes buscan un equilibrio entre comodidad, resistencia y funcionalidad en una sola silla. Su estructura combina materiales de calidad con un dise\u00f1o pr\u00e1ctico, ideal para el uso diario tanto en oficinas como en el hogar.<\/p>\n<p>Con una capacidad de soporte de hasta 130 kg, esta silla garantiza solidez y estabilidad, adapt\u00e1ndose a diferentes usuarios sin comprometer seguridad ni durabilidad. Su aspa de hierro cromado refuerza la estructura y aporta un toque elegante y moderno, perfecto para espacios profesionales o personales.<\/p>\n<p>El asiento incorpora espuma confort, un material pensado para brindar suavidad y firmeza al mismo tiempo. Gracias a esta caracter\u00edstica, se consigue una experiencia m\u00e1s agradable al sentarse, manteniendo el acolchado en buen estado incluso con uso constante.<\/p>\n<p>En cuanto a movilidad, la Escocia est\u00e1 equipada con ruedas de goma reforzada, que permiten un desplazamiento fluido y silencioso en distintos tipos de superficies, evitando rayones en el piso y aumentando la durabilidad frente al desgaste.<\/p>\n<p>Adem\u00e1s, incluye un sistema de reclinaci\u00f3n por balanceo, ideal para liberar la tensi\u00f3n en peque\u00f1os descansos y aportar una sensaci\u00f3n de confort extra durante la jornada laboral o de estudio.<\/p>\n<p>En resumen, la Escocia ofrece un conjunto de prestaciones esenciales con un plus en ergonom\u00eda b\u00e1sica y durabilidad, convirti\u00e9ndose en una opci\u00f3n econ\u00f3mica pero confiable para quienes valoran comodidad y resistencia en un solo producto.<\/p>\n","protected":false},"excerpt":{"rendered":"<p>La Escocia est\u00e1 dise\u00f1ada para quienes buscan un equilibrio entre comodidad, resistencia y funcionalidad en una sola silla. Su estructura combina materiales de calidad con un dise\u00f1o pr\u00e1ctico, ideal para el uso diario tanto en oficinas como en el hogar.<\/p>\n<p><strong><a href=\"https:\/\/olympomarket.com\/wp-content\/uploads\/2025\/08\/Escocia_Ficha-Tecnica.pdf\">Escocia_Ficha T\u00e9cnica.pdf<\/a><\/strong><\/p>\n<p><a href=\"https:\/\/www.facebook.com\/Olympo.CORP\/\" target=\"_blank\" rel=\"noopener\">Visitar las redes de Olympo<\/a><\/p>\n","protected":false},"featured_media":1774,"comment_status":"open","ping_status":"closed","template":"","meta":[],"product_brand":[],"product_cat":[21],"product_tag":[],"class_list":{"0":"post-498","1":"product","2":"type-product","3":"status-publish","4":"has-post-thumbnail","6":"product_cat-ejecutivas","7":"product_shipping_class-sillas-de-oficina","9":"first","10":"instock","11":"sale","12":"taxable","13":"shipping-taxable","14":"purchasable","15":"product-type-simple","16":"add-to-wishlist-before_image"},"_links":{"self":[{"href":"https:\/\/olympomarket.com\/index.php\/wp-json\/wp\/v2\/product\/498","targetHints":{"allow":["GET"]}}],"collection":[{"href":"https:\/\/olympomarket.com\/index.php\/wp-json\/wp\/v2\/product"}],"about":[{"href":"https:\/\/olympomarket.com\/index.php\/wp-json\/wp\/v2\/types\/product"}],"replies":[{"embeddable":true,"href":"https:\/\/olympomarket.com\/index.php\/wp-json\/wp\/v2\/comments?post=498"}],"wp:featuredmedia":[{"embeddable":true,"href":"https:\/\/olympomarket.com\/index.php\/wp-json\/wp\/v2\/media\/1774"}],"wp:attachment":[{"href":"https:\/\/olympomarket.com\/index.php\/wp-json\/wp\/v2\/media?parent=498"}],"wp:term":[{"taxonomy":"product_brand","embeddable":true,"href":"https:\/\/olympomarket.com\/index.php\/wp-json\/wp\/v2\/product_brand?post=498"},{"taxonomy":"product_cat","embeddable":true,"href":"https:\/\/olympomarket.com\/index.php\/wp-json\/wp\/v2\/product_cat?post=498"},{"taxonomy":"product_tag","embeddable":true,"href":"https:\/\/olympomarket.com\/index.php\/wp-json\/wp\/v2\/product_tag?post=498"}],"curies":[{"name":"wp","href":"https:\/\/api.w.org\/{rel}","templated":true}]}}