{"id":2018,"date":"2025-11-30T16:48:24","date_gmt":"2025-11-30T21:48:24","guid":{"rendered":"https:\/\/olympomarket.com\/?post_type=product&#038;p=2018"},"modified":"2026-03-30T17:01:32","modified_gmt":"2026-03-30T22:01:32","slug":"atenas-pro","status":"publish","type":"product","link":"https:\/\/olympomarket.com\/index.php\/product\/atenas-pro\/","title":{"rendered":"Atenas PRO"},"content":{"rendered":"<p>La Silla Atenas PRO es una silla de oficina dise\u00f1ada para ofrecer comodidad y soporte ergon\u00f3mico.<br \/>\nCaracter\u00edsticas: Asiento y respaldo acolchados en ecocuero, mecanismo una palanca, brazos fijos cromados, y base cromada.<\/p>\n<p>Mecanismo: Sistema basculante de 1 palanca con ajuste de tensi\u00f3n a 90\u00b0.<\/p>\n<p>Durabilidad: Estructura robusta de metal cromado y garruchas de goma para mayor estabilidad.<\/p>\n<p>Uso: Ideal para entornos laborales, promoviendo una postura saludable y ajust\u00e1ndose a las preferencias individuales.<\/p>\n","protected":false},"excerpt":{"rendered":"<p>La Silla Atenas PRO es una silla de oficina dise\u00f1ada para ofrecer comodidad y soporte ergon\u00f3mico. Caracter\u00edsticas: Asiento y respaldo acolchados en ecocuero, mecanismo una palanca, brazos fijos cromados, y base cromada. Mecanismo: Sistema basculante de 1 palanca con ajuste de tensi\u00f3n a 90\u00b0. Durabilidad: Estructura robusta de metal cromado y garruchas de goma para [&hellip;]<\/p>\n","protected":false},"featured_media":2020,"comment_status":"open","ping_status":"closed","template":"","meta":[],"product_brand":[],"product_cat":[23],"product_tag":[74],"class_list":{"0":"post-2018","1":"product","2":"type-product","3":"status-publish","4":"has-post-thumbnail","6":"product_cat-gerenciales","7":"product_tag-gerencial","9":"first","10":"instock","11":"sale","12":"taxable","13":"shipping-taxable","14":"purchasable","15":"product-type-simple","16":"add-to-wishlist-before_image"},"_links":{"self":[{"href":"https:\/\/olympomarket.com\/index.php\/wp-json\/wp\/v2\/product\/2018","targetHints":{"allow":["GET"]}}],"collection":[{"href":"https:\/\/olympomarket.com\/index.php\/wp-json\/wp\/v2\/product"}],"about":[{"href":"https:\/\/olympomarket.com\/index.php\/wp-json\/wp\/v2\/types\/product"}],"replies":[{"embeddable":true,"href":"https:\/\/olympomarket.com\/index.php\/wp-json\/wp\/v2\/comments?post=2018"}],"wp:featuredmedia":[{"embeddable":true,"href":"https:\/\/olympomarket.com\/index.php\/wp-json\/wp\/v2\/media\/2020"}],"wp:attachment":[{"href":"https:\/\/olympomarket.com\/index.php\/wp-json\/wp\/v2\/media?parent=2018"}],"wp:term":[{"taxonomy":"product_brand","embeddable":true,"href":"https:\/\/olympomarket.com\/index.php\/wp-json\/wp\/v2\/product_brand?post=2018"},{"taxonomy":"product_cat","embeddable":true,"href":"https:\/\/olympomarket.com\/index.php\/wp-json\/wp\/v2\/product_cat?post=2018"},{"taxonomy":"product_tag","embeddable":true,"href":"https:\/\/olympomarket.com\/index.php\/wp-json\/wp\/v2\/product_tag?post=2018"}],"curies":[{"name":"wp","href":"https:\/\/api.w.org\/{rel}","templated":true}]}}