{"id":2008,"date":"2025-11-30T16:00:47","date_gmt":"2025-11-30T21:00:47","guid":{"rendered":"https:\/\/olympomarket.com\/?post_type=product&#038;p=2008"},"modified":"2026-03-30T17:04:10","modified_gmt":"2026-03-30T22:04:10","slug":"adonis","status":"publish","type":"product","link":"https:\/\/olympomarket.com\/index.php\/product\/adonis\/","title":{"rendered":"Adonis"},"content":{"rendered":"<p>La Cajero Adonis es una silla dise\u00f1ada para ofrecer resistencia y confort superior en cualquier entorno de trabajo o estudio. Su dise\u00f1o pr\u00e1ctico se centra en brindar una experiencia de uso c\u00f3moda y confiable, convirti\u00e9ndola en una opci\u00f3n ideal para quienes requieren mayor durabilidad y soporte en el d\u00eda a d\u00eda.<\/p>\n<p>Con una capacidad de carga de hasta 130 kg, esta silla destaca por su estructura s\u00f3lida y segura, pensada para adaptarse a distintos tipos de usuarios sin comprometer estabilidad ni desempe\u00f1o. Este nivel de resistencia la diferencia de los modelos b\u00e1sicos, aportando confianza en su uso constante y prolongado.<\/p>\n<p>La espuma de alta calidad en el asiento y respaldo garantiza una comodidad superior frente al desgaste del uso continuo. Su densidad asegura un acolchado firme que mantiene la forma con el tiempo, reduciendo los puntos de presi\u00f3n y ofreciendo mayor ergonom\u00eda b\u00e1sica para largas jornadas de trabajo, estudio o reuniones.<\/p>\n<p>Gracias a la combinaci\u00f3n de estos elementos, la Cajero Escocia no solo cumple con lo esencial, sino que tambi\u00e9n a\u00f1ade un plus en durabilidad y comodidad, aspectos clave para quienes buscan una inversi\u00f3n pr\u00e1ctica y confiable en mobiliario de oficina o de hogar.<\/p>\n<p>En definitiva, la Cajero Adonis es una elecci\u00f3n acertada para quienes desean un asiento econ\u00f3mico, resistente y con un nivel de confort superior, gracias a materiales de mayor calidad que garantizan bienestar y soporte en cada uso.<\/p>\n","protected":false},"excerpt":{"rendered":"<p>La Cajero Escocia es una silla dise\u00f1ada para ofrecer resistencia y confort superior en cualquier entorno de trabajo o estudio. Su dise\u00f1o pr\u00e1ctico se centra en brindar una experiencia de uso c\u00f3moda y confiable, convirti\u00e9ndola en una opci\u00f3n ideal para quienes requieren mayor durabilidad y soporte en el d\u00eda a d\u00eda.<\/p>\n<p><a href=\"https:\/\/www.facebook.com\/Olympo.CORP\/\" target=\"_blank\" rel=\"noopener\">Visitar las redes de Olympo<\/a><\/p>\n","protected":false},"featured_media":2011,"comment_status":"open","ping_status":"closed","template":"","meta":[],"product_brand":[],"product_cat":[24],"product_tag":[],"class_list":{"0":"post-2008","1":"product","2":"type-product","3":"status-publish","4":"has-post-thumbnail","6":"product_cat-cajero","8":"first","9":"instock","10":"sale","11":"taxable","12":"shipping-taxable","13":"purchasable","14":"product-type-simple","15":"add-to-wishlist-before_image"},"_links":{"self":[{"href":"https:\/\/olympomarket.com\/index.php\/wp-json\/wp\/v2\/product\/2008","targetHints":{"allow":["GET"]}}],"collection":[{"href":"https:\/\/olympomarket.com\/index.php\/wp-json\/wp\/v2\/product"}],"about":[{"href":"https:\/\/olympomarket.com\/index.php\/wp-json\/wp\/v2\/types\/product"}],"replies":[{"embeddable":true,"href":"https:\/\/olympomarket.com\/index.php\/wp-json\/wp\/v2\/comments?post=2008"}],"wp:featuredmedia":[{"embeddable":true,"href":"https:\/\/olympomarket.com\/index.php\/wp-json\/wp\/v2\/media\/2011"}],"wp:attachment":[{"href":"https:\/\/olympomarket.com\/index.php\/wp-json\/wp\/v2\/media?parent=2008"}],"wp:term":[{"taxonomy":"product_brand","embeddable":true,"href":"https:\/\/olympomarket.com\/index.php\/wp-json\/wp\/v2\/product_brand?post=2008"},{"taxonomy":"product_cat","embeddable":true,"href":"https:\/\/olympomarket.com\/index.php\/wp-json\/wp\/v2\/product_cat?post=2008"},{"taxonomy":"product_tag","embeddable":true,"href":"https:\/\/olympomarket.com\/index.php\/wp-json\/wp\/v2\/product_tag?post=2008"}],"curies":[{"name":"wp","href":"https:\/\/api.w.org\/{rel}","templated":true}]}}