{"id":1917,"date":"2025-10-13T10:13:10","date_gmt":"2025-10-13T15:13:10","guid":{"rendered":"https:\/\/olympomarket.com\/?post_type=product&#038;p=1917"},"modified":"2026-03-30T17:04:52","modified_gmt":"2026-03-30T22:04:52","slug":"olympo-gerencial","status":"publish","type":"product","link":"https:\/\/olympomarket.com\/index.php\/product\/olympo-gerencial\/","title":{"rendered":"Olympo Gerencial"},"content":{"rendered":"<p data-start=\"0\" data-end=\"302\">La silla Olympo Gerencial est\u00e1 dise\u00f1ada para quienes buscan una combinaci\u00f3n perfecta entre elegancia, confort y funcionalidad en su entorno de trabajo. Su dise\u00f1o moderno y sofisticado se adapta tanto a oficinas ejecutivas como a espacios de home office, ofreciendo una experiencia de uso premium.<\/p>\n<p data-start=\"304\" data-end=\"792\">Tapizada en PU de alta calidad, esta silla brinda un acabado similar al cuero, suave al tacto y f\u00e1cil de mantener. Su respaldar alto est\u00e1 especialmente dise\u00f1ado para ofrecer un soporte ergon\u00f3mico que favorece la correcta postura de la columna, reduciendo la fatiga y el cansancio durante las largas horas de trabajo. El doble acolchado del asiento y el respaldo a\u00f1ade una capa extra de confort, permitiendo mantener una sensaci\u00f3n de descanso incluso en jornadas prolongadas.<\/p>\n<p data-start=\"794\" data-end=\"1188\">Cuenta con un sistema de doble palanca, que permite ajustar tanto la altura como el \u00e1ngulo de reclinaci\u00f3n, ofreciendo una experiencia totalmente personalizada. Adem\u00e1s, su reclinaci\u00f3n de hasta 135\u00b0 permite cambiar de posici\u00f3n f\u00e1cilmente entre trabajo activo y momentos de relajaci\u00f3n. Como complemento ideal, incorpora un posapi\u00e9s retr\u00e1ctil, que brinda mayor comodidad al descansar.<\/p>\n<p data-start=\"1190\" data-end=\"1543\" data-is-last-node=\"\" data-is-only-node=\"\">Cada detalle de la Olympo Gerencial est\u00e1 pensado para optimizar el bienestar del usuario. Su estructura robusta garantiza estabilidad y durabilidad, mientras que su dise\u00f1o elegante la convierte en una pieza destacada dentro de cualquier ambiente profesional. Sin duda, una silla creada para l\u00edderes que buscan trabajar con estilo y m\u00e1xima comodidad.<\/p>\n","protected":false},"excerpt":{"rendered":"<p>La silla Olympo Gerencial est\u00e1 dise\u00f1ada para quienes buscan una combinaci\u00f3n perfecta entre elegancia, confort y funcionalidad en su entorno de trabajo. Su dise\u00f1o moderno y sofisticado se adapta tanto a oficinas ejecutivas como a espacios de home office, ofreciendo una experiencia de uso premium.<\/p>\n<p><strong><a href=\"https:\/\/olympomarket.com\/wp-content\/uploads\/2025\/10\/OlympoGerencial_Ficha-Tecnica.pdf\">OlympoGerencial_Ficha T\u00e9cnica.pdf<\/a><\/strong><\/p>\n<p><a href=\"https:\/\/www.facebook.com\/Olympo.CORP\/\" target=\"_blank\" rel=\"noopener\">Visitar las redes de Olympo<\/a><\/p>\n","protected":false},"featured_media":1918,"comment_status":"open","ping_status":"closed","template":"","meta":[],"product_brand":[],"product_cat":[23],"product_tag":[],"class_list":{"0":"post-1917","1":"product","2":"type-product","3":"status-publish","4":"has-post-thumbnail","6":"product_cat-gerenciales","7":"product_shipping_class-sillas-de-oficina","9":"first","10":"instock","11":"sale","12":"taxable","13":"shipping-taxable","14":"purchasable","15":"product-type-simple","16":"add-to-wishlist-before_image"},"_links":{"self":[{"href":"https:\/\/olympomarket.com\/index.php\/wp-json\/wp\/v2\/product\/1917","targetHints":{"allow":["GET"]}}],"collection":[{"href":"https:\/\/olympomarket.com\/index.php\/wp-json\/wp\/v2\/product"}],"about":[{"href":"https:\/\/olympomarket.com\/index.php\/wp-json\/wp\/v2\/types\/product"}],"replies":[{"embeddable":true,"href":"https:\/\/olympomarket.com\/index.php\/wp-json\/wp\/v2\/comments?post=1917"}],"wp:featuredmedia":[{"embeddable":true,"href":"https:\/\/olympomarket.com\/index.php\/wp-json\/wp\/v2\/media\/1918"}],"wp:attachment":[{"href":"https:\/\/olympomarket.com\/index.php\/wp-json\/wp\/v2\/media?parent=1917"}],"wp:term":[{"taxonomy":"product_brand","embeddable":true,"href":"https:\/\/olympomarket.com\/index.php\/wp-json\/wp\/v2\/product_brand?post=1917"},{"taxonomy":"product_cat","embeddable":true,"href":"https:\/\/olympomarket.com\/index.php\/wp-json\/wp\/v2\/product_cat?post=1917"},{"taxonomy":"product_tag","embeddable":true,"href":"https:\/\/olympomarket.com\/index.php\/wp-json\/wp\/v2\/product_tag?post=1917"}],"curies":[{"name":"wp","href":"https:\/\/api.w.org\/{rel}","templated":true}]}}