{"id":1694,"date":"2025-09-19T11:06:34","date_gmt":"2025-09-19T16:06:34","guid":{"rendered":"https:\/\/olympomarket.com\/?post_type=product&#038;p=1694"},"modified":"2026-04-01T15:55:58","modified_gmt":"2026-04-01T20:55:58","slug":"mesa-bar-regulable","status":"publish","type":"product","link":"https:\/\/olympomarket.com\/index.php\/product\/mesa-bar-regulable\/","title":{"rendered":"Mesa Bar Regulable"},"content":{"rendered":"<p>La Mesa Bar Regulable es una mesa bar moderna y funcional, dise\u00f1ada para adaptarse a diferentes espacios y estilos de uso. Su principal caracter\u00edstica es el sistema de ajuste mediante pist\u00f3n, que permite subir y bajar la altura de forma sencilla y pr\u00e1ctica, ofreciendo versatilidad para distintas ocasiones.<\/p>\n<p>Gracias a este mecanismo, la mesa puede ajustarse f\u00e1cilmente a la altura deseada, ya sea para disfrutar de un desayuno r\u00e1pido, una reuni\u00f3n informal o como complemento en un espacio social. El pist\u00f3n de alta resistencia asegura un movimiento fluido y estable, brindando confianza y durabilidad con cada uso.<\/p>\n<p>Su dise\u00f1o compacto la convierte en una opci\u00f3n ideal para departamentos, cocinas modernas, terrazas o bares en casa, optimizando el espacio sin perder estilo. La estructura de la Mesa Bar Regulable est\u00e1 pensada para aportar estabilidad, mientras que su acabado sobrio y elegante la hace combinar con diferentes tipos de sillas o taburetes.<\/p>\n<p>Adem\u00e1s de su funcionalidad, esta mesa destaca por su versatilidad decorativa, ya que puede integrarse tanto en ambientes contempor\u00e1neos como en espacios m\u00e1s cl\u00e1sicos, aportando un toque distintivo y pr\u00e1ctico.<\/p>\n<p>En conclusi\u00f3n, la Mesa Bar Regulable es mucho m\u00e1s que una mesa bar: es una soluci\u00f3n vers\u00e1til, moderna y adaptable que se ajusta a tus necesidades diarias. Con su sistema de regulaci\u00f3n por pist\u00f3n, tendr\u00e1s la libertad de transformar tu espacio en segundos, disfrutando de comodidad y estilo en cada ocasi\u00f3n.<\/p>\n","protected":false},"excerpt":{"rendered":"<p>La Mesa Bar Regulable es una mesa bar moderna y funcional, dise\u00f1ada para adaptarse a diferentes espacios y estilos de uso. Su principal caracter\u00edstica es el sistema de ajuste mediante pist\u00f3n, que permite subir y bajar la altura de forma sencilla y pr\u00e1ctica, ofreciendo versatilidad para distintas ocasiones.<\/p>\n<p><a href=\"https:\/\/www.facebook.com\/Olympo.CORP\/\" target=\"_blank\" rel=\"noopener\">Visitar las redes de Olympo<\/a><\/p>\n","protected":false},"featured_media":1795,"comment_status":"open","ping_status":"closed","template":"","meta":[],"product_brand":[],"product_cat":[72],"product_tag":[],"class_list":{"0":"post-1694","1":"product","2":"type-product","3":"status-publish","4":"has-post-thumbnail","6":"product_cat-escritorios-mesas","8":"first","9":"instock","10":"sale","11":"taxable","12":"shipping-taxable","13":"purchasable","14":"product-type-simple","15":"add-to-wishlist-before_image"},"_links":{"self":[{"href":"https:\/\/olympomarket.com\/index.php\/wp-json\/wp\/v2\/product\/1694","targetHints":{"allow":["GET"]}}],"collection":[{"href":"https:\/\/olympomarket.com\/index.php\/wp-json\/wp\/v2\/product"}],"about":[{"href":"https:\/\/olympomarket.com\/index.php\/wp-json\/wp\/v2\/types\/product"}],"replies":[{"embeddable":true,"href":"https:\/\/olympomarket.com\/index.php\/wp-json\/wp\/v2\/comments?post=1694"}],"wp:featuredmedia":[{"embeddable":true,"href":"https:\/\/olympomarket.com\/index.php\/wp-json\/wp\/v2\/media\/1795"}],"wp:attachment":[{"href":"https:\/\/olympomarket.com\/index.php\/wp-json\/wp\/v2\/media?parent=1694"}],"wp:term":[{"taxonomy":"product_brand","embeddable":true,"href":"https:\/\/olympomarket.com\/index.php\/wp-json\/wp\/v2\/product_brand?post=1694"},{"taxonomy":"product_cat","embeddable":true,"href":"https:\/\/olympomarket.com\/index.php\/wp-json\/wp\/v2\/product_cat?post=1694"},{"taxonomy":"product_tag","embeddable":true,"href":"https:\/\/olympomarket.com\/index.php\/wp-json\/wp\/v2\/product_tag?post=1694"}],"curies":[{"name":"wp","href":"https:\/\/api.w.org\/{rel}","templated":true}]}}