{"id":1657,"date":"2025-09-08T14:14:00","date_gmt":"2025-09-08T19:14:00","guid":{"rendered":"https:\/\/olympomarket.com\/?post_type=product&#038;p=1657"},"modified":"2026-04-01T15:57:03","modified_gmt":"2026-04-01T20:57:03","slug":"silla-taburete","status":"publish","type":"product","link":"https:\/\/olympomarket.com\/index.php\/product\/silla-taburete\/","title":{"rendered":"Silla Taburete"},"content":{"rendered":"<p>La Silla Taburete es un taburete vers\u00e1til y funcional, ideal para complementar espacios modernos como cocinas, barras, estudios o \u00e1reas sociales. Su dise\u00f1o pr\u00e1ctico y contempor\u00e1neo ofrece comodidad y movilidad en un formato compacto, pensado para quienes buscan un asiento ligero pero confiable.<\/p>\n<p>Este taburete cuenta con un sistema giratorio, que facilita el movimiento y brinda mayor comodidad en reuniones, comidas o momentos de descanso. Gracias a esta caracter\u00edstica, se convierte en una opci\u00f3n pr\u00e1ctica para ambientes din\u00e1micos en los que la libertad de movimiento es esencial.<\/p>\n<p>Adem\u00e1s, incorpora un reposapi\u00e9s circular, dise\u00f1ado para proporcionar apoyo adicional y mejorar la postura durante su uso. Esta caracter\u00edstica asegura mayor confort al sentarse, reduciendo la tensi\u00f3n en las piernas y permitiendo una experiencia m\u00e1s relajada incluso en periodos prolongados.<\/p>\n<p>Con una capacidad de soporte de hasta 100 kg, la Silla Taburete\u00a0garantiza estabilidad y resistencia, siendo una elecci\u00f3n segura y duradera para el uso diario. Su estructura ha sido pensada para mantener el equilibrio, ofreciendo confianza en cada movimiento.<\/p>\n<p>Gracias a su dise\u00f1o compacto, la Silla Taburete\u00a0se adapta f\u00e1cilmente a diferentes estilos de decoraci\u00f3n, aportando un toque moderno y funcional a cualquier espacio.<\/p>\n<p>En conclusi\u00f3n, la Silla Taburete\u00a0es un taburete giratorio con reposapi\u00e9s circular que combina practicidad, comodidad y resistencia, convirti\u00e9ndose en la opci\u00f3n ideal para quienes desean un asiento vers\u00e1til y elegante en su hogar u oficina.<\/p>\n","protected":false},"excerpt":{"rendered":"<p>La Silla Taburete es un taburete vers\u00e1til y funcional, ideal para complementar espacios modernos como cocinas, barras, estudios o \u00e1reas sociales. Su dise\u00f1o pr\u00e1ctico y contempor\u00e1neo ofrece comodidad y movilidad en un formato compacto, pensado para quienes buscan un asiento ligero pero confiable.<\/p>\n<p><a href=\"https:\/\/www.facebook.com\/Olympo.CORP\/\" target=\"_blank\" rel=\"noopener\">Visitar las redes de Olympo<\/a><\/p>\n","protected":false},"featured_media":1794,"comment_status":"open","ping_status":"closed","template":"","meta":[],"product_brand":[],"product_cat":[71],"product_tag":[],"class_list":{"0":"post-1657","1":"product","2":"type-product","3":"status-publish","4":"has-post-thumbnail","6":"product_cat-taburetes","7":"product_shipping_class-sillas-de-oficina","9":"first","10":"instock","11":"taxable","12":"shipping-taxable","13":"purchasable","14":"product-type-simple","15":"add-to-wishlist-before_image"},"_links":{"self":[{"href":"https:\/\/olympomarket.com\/index.php\/wp-json\/wp\/v2\/product\/1657","targetHints":{"allow":["GET"]}}],"collection":[{"href":"https:\/\/olympomarket.com\/index.php\/wp-json\/wp\/v2\/product"}],"about":[{"href":"https:\/\/olympomarket.com\/index.php\/wp-json\/wp\/v2\/types\/product"}],"replies":[{"embeddable":true,"href":"https:\/\/olympomarket.com\/index.php\/wp-json\/wp\/v2\/comments?post=1657"}],"wp:featuredmedia":[{"embeddable":true,"href":"https:\/\/olympomarket.com\/index.php\/wp-json\/wp\/v2\/media\/1794"}],"wp:attachment":[{"href":"https:\/\/olympomarket.com\/index.php\/wp-json\/wp\/v2\/media?parent=1657"}],"wp:term":[{"taxonomy":"product_brand","embeddable":true,"href":"https:\/\/olympomarket.com\/index.php\/wp-json\/wp\/v2\/product_brand?post=1657"},{"taxonomy":"product_cat","embeddable":true,"href":"https:\/\/olympomarket.com\/index.php\/wp-json\/wp\/v2\/product_cat?post=1657"},{"taxonomy":"product_tag","embeddable":true,"href":"https:\/\/olympomarket.com\/index.php\/wp-json\/wp\/v2\/product_tag?post=1657"}],"curies":[{"name":"wp","href":"https:\/\/api.w.org\/{rel}","templated":true}]}}