{"id":163,"date":"2025-07-16T14:20:48","date_gmt":"2025-07-16T19:20:48","guid":{"rendered":"https:\/\/olympomarket.com\/?post_type=product&#038;p=163"},"modified":"2026-01-10T12:11:37","modified_gmt":"2026-01-10T17:11:37","slug":"black-presidente","status":"publish","type":"product","link":"https:\/\/olympomarket.com\/index.php\/product\/black-presidente\/","title":{"rendered":"Black Presidente"},"content":{"rendered":"<p>La Black Presidente es una silla ergon\u00f3mica de alto rendimiento, dise\u00f1ada para ofrecer m\u00e1xima comodidad y soporte personalizado durante largas jornadas de trabajo o estudio. Su estructura combina dise\u00f1o moderno con funciones avanzadas de ajuste, garantizando una experiencia de uso superior y adaptada a las necesidades del usuario.<\/p>\n<p>Equipada con almohadilla lumbar, reposabrazos y cabecera regulables, permite ajustar cada componente para lograr una postura \u00f3ptima, reduciendo la tensi\u00f3n en la espalda, el cuello y los hombros. Este nivel de personalizaci\u00f3n ayuda a mantener una correcta alineaci\u00f3n de la columna y a mejorar la ergonom\u00eda general.<\/p>\n<p>Su sistema de reclinaci\u00f3n de 150\u00b0 brinda libertad de movimiento, ideal para momentos de descanso o relajaci\u00f3n sin comprometer la estabilidad. El mecanismo Syncro sincroniza el respaldo y el asiento, permitiendo que ambos se muevan en conjunto para seguir el movimiento natural del cuerpo y mantener siempre una posici\u00f3n equilibrada.<\/p>\n<p>La [nombre] est\u00e1 fabricada con materiales de alta durabilidad, proporcionando un soporte firme y confortable. Su dise\u00f1o elegante se adapta perfectamente a oficinas modernas, home office o entornos corporativos que valoran tanto la est\u00e9tica como la funcionalidad.<\/p>\n<p>Principales ventajas:<\/p>\n<p>Regulaci\u00f3n de cabecera, lumbar y reposabrazos.<\/p>\n<p>Reclinaci\u00f3n de hasta 150\u00b0 con sistema Syncro.<\/p>\n<p>Ergonom\u00eda avanzada para mayor confort y postura saludable.<\/p>\n<p>Estructura resistente y dise\u00f1o elegante.<\/p>\n<p>En definitiva, la Black Presidente ofrece una experiencia ergon\u00f3mica completa, pensada para quienes buscan comodidad, ajuste y estilo en una sola silla.<\/p>\n","protected":false},"excerpt":{"rendered":"<p>La Black Presidente es una silla ergon\u00f3mica de alto rendimiento, dise\u00f1ada para ofrecer m\u00e1xima comodidad y soporte personalizado durante largas jornadas de trabajo o estudio. Su estructura combina dise\u00f1o moderno con funciones avanzadas de ajuste, garantizando una experiencia de uso superior y adaptada a las necesidades del usuario.<\/p>\n<p><a href=\"https:\/\/www.facebook.com\/Olympo.CORP\/\" target=\"_blank\" rel=\"noopener\">Visitar las redes de Olympo<\/a><\/p>\n","protected":false},"featured_media":1782,"comment_status":"open","ping_status":"closed","template":"","meta":[],"product_brand":[],"product_cat":[18],"product_tag":[],"class_list":{"0":"post-163","1":"product","2":"type-product","3":"status-publish","4":"has-post-thumbnail","6":"product_cat-presidenciales","7":"product_shipping_class-sillas-de-oficina","9":"first","10":"outofstock","11":"sale","12":"taxable","13":"shipping-taxable","14":"purchasable","15":"product-type-simple","16":"add-to-wishlist-before_image"},"_links":{"self":[{"href":"https:\/\/olympomarket.com\/index.php\/wp-json\/wp\/v2\/product\/163","targetHints":{"allow":["GET"]}}],"collection":[{"href":"https:\/\/olympomarket.com\/index.php\/wp-json\/wp\/v2\/product"}],"about":[{"href":"https:\/\/olympomarket.com\/index.php\/wp-json\/wp\/v2\/types\/product"}],"replies":[{"embeddable":true,"href":"https:\/\/olympomarket.com\/index.php\/wp-json\/wp\/v2\/comments?post=163"}],"wp:featuredmedia":[{"embeddable":true,"href":"https:\/\/olympomarket.com\/index.php\/wp-json\/wp\/v2\/media\/1782"}],"wp:attachment":[{"href":"https:\/\/olympomarket.com\/index.php\/wp-json\/wp\/v2\/media?parent=163"}],"wp:term":[{"taxonomy":"product_brand","embeddable":true,"href":"https:\/\/olympomarket.com\/index.php\/wp-json\/wp\/v2\/product_brand?post=163"},{"taxonomy":"product_cat","embeddable":true,"href":"https:\/\/olympomarket.com\/index.php\/wp-json\/wp\/v2\/product_cat?post=163"},{"taxonomy":"product_tag","embeddable":true,"href":"https:\/\/olympomarket.com\/index.php\/wp-json\/wp\/v2\/product_tag?post=163"}],"curies":[{"name":"wp","href":"https:\/\/api.w.org\/{rel}","templated":true}]}}