{"id":1611,"date":"2025-08-25T10:54:44","date_gmt":"2025-08-25T15:54:44","guid":{"rendered":"https:\/\/olympomarket.com\/?post_type=product&#038;p=1611"},"modified":"2026-01-10T12:04:43","modified_gmt":"2026-01-10T17:04:43","slug":"silla-gambyte-rgb","status":"publish","type":"product","link":"https:\/\/olympomarket.com\/index.php\/product\/silla-gambyte-rgb\/","title":{"rendered":"Silla Gambyte RGB"},"content":{"rendered":"<p>La Silla Gambyte RGB es una silla dise\u00f1ada para quienes buscan comodidad, resistencia y versatilidad en un solo producto. Su dise\u00f1o permite mantener una postura adecuada durante largas jornadas de trabajo, estudio o entretenimiento, combinando funcionalidad y estilo.<\/p>\n<p>Esta silla soporta hasta 150 kg, ofreciendo una estructura robusta y confiable que asegura durabilidad y estabilidad en cada uso. Su aspa de hierro negro refuerza la base, proporcionando solidez y un acabado elegante que se adapta a cualquier espacio de oficina o hogar.<\/p>\n<p>El sistema de reclinaci\u00f3n completa hasta 180\u00b0 permite transformar la silla en un espacio de descanso, ideal para pausas cortas o momentos de relajaci\u00f3n, manteniendo el confort sin comprometer la postura. Este mecanismo es sencillo y seguro, garantizando un movimiento fluido y controlado.<\/p>\n<p>El asiento y respaldo est\u00e1n dise\u00f1ados para ofrecer soporte \u00f3ptimo y comodidad durante todo el d\u00eda, complementados por reposabrazos 4D, totalmente ajustables en altura, profundidad, giro y ancho, permitiendo una adaptaci\u00f3n completa a las necesidades de cada usuario y protegiendo brazos y hombros.<\/p>\n<p>Gracias a estas caracter\u00edsticas, la Silla Gambyte RGB no solo cumple con los est\u00e1ndares b\u00e1sicos de ergonom\u00eda, sino que tambi\u00e9n brinda un plus en comodidad y funcionalidad, convirti\u00e9ndose en una opci\u00f3n ideal para quienes valoran un asiento resistente y vers\u00e1til.<\/p>\n<p>En conclusi\u00f3n, la Silla Gambyte RGB es la combinaci\u00f3n perfecta de robustez, ergonom\u00eda y confort avanzado, ofreciendo una experiencia de uso completa para quienes buscan m\u00e1s que una silla com\u00fan: un espacio de trabajo y descanso en un mismo producto.<\/p>\n","protected":false},"excerpt":{"rendered":"<p>La Silla Gambyte RGB es una silla dise\u00f1ada para quienes buscan comodidad, resistencia y versatilidad en un solo producto. Su dise\u00f1o permite mantener una postura adecuada durante largas jornadas de trabajo, estudio o entretenimiento, combinando funcionalidad y estilo.<\/p>\n<p><strong><a href=\"https:\/\/olympomarket.com\/wp-content\/uploads\/2025\/08\/Silla-Gambyte_Ficha-Tecnica.pdf\">Silla Gambyte_Ficha T\u00e9cnica.pdf<\/a><\/strong><\/p>\n<p><a href=\"https:\/\/www.facebook.com\/Olympo.CORP\/\" target=\"_blank\" rel=\"noopener\">Visitar las redes de Olympo<\/a><\/p>\n","protected":false},"featured_media":1793,"comment_status":"open","ping_status":"closed","template":"","meta":[],"product_brand":[69],"product_cat":[70],"product_tag":[],"class_list":{"0":"post-1611","1":"product","2":"type-product","3":"status-publish","4":"has-post-thumbnail","6":"product_brand-gambyte","7":"product_cat-sillas-gamer","9":"first","10":"instock","11":"sale","12":"taxable","13":"shipping-taxable","14":"purchasable","15":"product-type-simple","16":"add-to-wishlist-before_image"},"_links":{"self":[{"href":"https:\/\/olympomarket.com\/index.php\/wp-json\/wp\/v2\/product\/1611","targetHints":{"allow":["GET"]}}],"collection":[{"href":"https:\/\/olympomarket.com\/index.php\/wp-json\/wp\/v2\/product"}],"about":[{"href":"https:\/\/olympomarket.com\/index.php\/wp-json\/wp\/v2\/types\/product"}],"replies":[{"embeddable":true,"href":"https:\/\/olympomarket.com\/index.php\/wp-json\/wp\/v2\/comments?post=1611"}],"wp:featuredmedia":[{"embeddable":true,"href":"https:\/\/olympomarket.com\/index.php\/wp-json\/wp\/v2\/media\/1793"}],"wp:attachment":[{"href":"https:\/\/olympomarket.com\/index.php\/wp-json\/wp\/v2\/media?parent=1611"}],"wp:term":[{"taxonomy":"product_brand","embeddable":true,"href":"https:\/\/olympomarket.com\/index.php\/wp-json\/wp\/v2\/product_brand?post=1611"},{"taxonomy":"product_cat","embeddable":true,"href":"https:\/\/olympomarket.com\/index.php\/wp-json\/wp\/v2\/product_cat?post=1611"},{"taxonomy":"product_tag","embeddable":true,"href":"https:\/\/olympomarket.com\/index.php\/wp-json\/wp\/v2\/product_tag?post=1611"}],"curies":[{"name":"wp","href":"https:\/\/api.w.org\/{rel}","templated":true}]}}