{"id":1311,"date":"2025-08-07T10:20:36","date_gmt":"2025-08-07T15:20:36","guid":{"rendered":"https:\/\/olympomarket.com\/?post_type=product&#038;p=1311"},"modified":"2025-10-09T09:08:49","modified_gmt":"2025-10-09T14:08:49","slug":"manta","status":"publish","type":"product","link":"https:\/\/olympomarket.com\/index.php\/product\/manta\/","title":{"rendered":"Manta"},"content":{"rendered":"<p data-start=\"0\" data-end=\"417\">La manta con dise\u00f1o de Snoopy combina suavidad, estilo y nostalgia en una sola pieza. Inspirada en el entra\u00f1able personaje de <em data-start=\"130\" data-end=\"139\">Peanuts<\/em>, esta manta es perfecta para quienes desean a\u00f1adir un toque tierno y divertido a sus momentos de descanso. Su dise\u00f1o colorido y detallado captura la esencia alegre de Snoopy, convirti\u00e9ndola en un accesorio ideal para el hogar o para regalar a los fan\u00e1ticos del famoso beagle.<\/p>\n<p data-start=\"419\" data-end=\"773\">Fabricada con materiales de alta calidad, ofrece una textura ultrasuave al tacto que proporciona calidez y confort en cualquier estaci\u00f3n. Es ligera pero lo suficientemente abrigadora, ideal para usar en el sof\u00e1, la cama o durante viajes. Adem\u00e1s, su confecci\u00f3n resistente garantiza que mantenga su forma y color incluso despu\u00e9s de m\u00faltiples lavadas.<\/p>\n<p data-start=\"775\" data-end=\"1155\" data-is-last-node=\"\" data-is-only-node=\"\">Con un tama\u00f1o vers\u00e1til y un dise\u00f1o moderno, la manta de Snoopy no solo es funcional, sino tambi\u00e9n decorativa: aporta un toque de alegr\u00eda y personalidad a cualquier espacio. Perfecta para ni\u00f1os, j\u00f3venes o adultos que disfrutan de los cl\u00e1sicos, esta manta se convierte en una excelente opci\u00f3n para regalar o disfrutar en casa, combinando ternura, comodidad y estilo en cada uso.<\/p>\n","protected":false},"excerpt":{"rendered":"<p>La manta con dise\u00f1o de Snoopy combina suavidad, estilo y nostalgia en una sola pieza. Inspirada en el entra\u00f1able personaje de <em data-start=\"130\" data-end=\"139\">Peanuts<\/em>, esta manta es perfecta para quienes desean a\u00f1adir un toque tierno y divertido a sus momentos de descanso. Su dise\u00f1o colorido y detallado captura la esencia alegre de Snoopy, convirti\u00e9ndola en un accesorio ideal para el hogar o para regalar a los fan\u00e1ticos del famoso beagle.<\/p>\n<p><a href=\"https:\/\/www.facebook.com\/Olympo.CORP\/\" target=\"_blank\" rel=\"noopener\">Visitar las redes de Olympo<\/a><\/p>\n","protected":false},"featured_media":1886,"comment_status":"open","ping_status":"closed","template":"","meta":[],"product_brand":[],"product_cat":[57],"product_tag":[56],"class_list":{"0":"post-1311","1":"product","2":"type-product","3":"status-publish","4":"has-post-thumbnail","6":"product_cat-articulos-para-el-hogar","7":"product_tag-snoopy","9":"first","10":"instock","11":"taxable","12":"shipping-taxable","13":"purchasable","14":"product-type-simple","15":"add-to-wishlist-before_image"},"_links":{"self":[{"href":"https:\/\/olympomarket.com\/index.php\/wp-json\/wp\/v2\/product\/1311","targetHints":{"allow":["GET"]}}],"collection":[{"href":"https:\/\/olympomarket.com\/index.php\/wp-json\/wp\/v2\/product"}],"about":[{"href":"https:\/\/olympomarket.com\/index.php\/wp-json\/wp\/v2\/types\/product"}],"replies":[{"embeddable":true,"href":"https:\/\/olympomarket.com\/index.php\/wp-json\/wp\/v2\/comments?post=1311"}],"wp:featuredmedia":[{"embeddable":true,"href":"https:\/\/olympomarket.com\/index.php\/wp-json\/wp\/v2\/media\/1886"}],"wp:attachment":[{"href":"https:\/\/olympomarket.com\/index.php\/wp-json\/wp\/v2\/media?parent=1311"}],"wp:term":[{"taxonomy":"product_brand","embeddable":true,"href":"https:\/\/olympomarket.com\/index.php\/wp-json\/wp\/v2\/product_brand?post=1311"},{"taxonomy":"product_cat","embeddable":true,"href":"https:\/\/olympomarket.com\/index.php\/wp-json\/wp\/v2\/product_cat?post=1311"},{"taxonomy":"product_tag","embeddable":true,"href":"https:\/\/olympomarket.com\/index.php\/wp-json\/wp\/v2\/product_tag?post=1311"}],"curies":[{"name":"wp","href":"https:\/\/api.w.org\/{rel}","templated":true}]}}