{"id":1296,"date":"2025-08-06T15:09:58","date_gmt":"2025-08-06T20:09:58","guid":{"rendered":"https:\/\/olympomarket.com\/?post_type=product&#038;p=1296"},"modified":"2025-10-09T09:16:38","modified_gmt":"2025-10-09T14:16:38","slug":"tapetes","status":"publish","type":"product","link":"https:\/\/olympomarket.com\/index.php\/product\/tapetes\/","title":{"rendered":"Tapetes"},"content":{"rendered":"<p data-start=\"0\" data-end=\"317\">Los tapetes de bienvenida con dise\u00f1o de animalitos son la forma perfecta de darle un toque alegre y acogedor a la entrada de tu hogar. Con ilustraciones encantadoras de diferentes animales, estos tapetes no solo cumplen una funci\u00f3n pr\u00e1ctica, sino que tambi\u00e9n aportan personalidad y calidez desde el primer paso.<\/p>\n<p data-start=\"319\" data-end=\"619\">Fabricados con materiales resistentes y duraderos, ofrecen una excelente capacidad de limpieza al atrapar el polvo, la humedad y la suciedad del calzado antes de ingresar a casa. Su base antideslizante garantiza estabilidad, evitando que se muevan incluso sobre superficies lisas o h\u00famedas.<\/p>\n<p data-start=\"621\" data-end=\"900\">La superficie est\u00e1 decorada con estampados coloridos y detallados que destacan por su calidad y resistencia al desgaste, manteniendo su aspecto vibrante por mucho tiempo. Adem\u00e1s, son f\u00e1ciles de limpiar: basta con sacudirlos o pasar un trapo h\u00famedo para mantenerlos como nuevos.<\/p>\n<p data-start=\"902\" data-end=\"1252\" data-is-last-node=\"\" data-is-only-node=\"\">Ideales para colocar en la puerta principal, balcones o entradas interiores, los tapetes de bienvenida de animalitos combinan funcionalidad, durabilidad y encanto visual, creando un ambiente m\u00e1s amigable y divertido. Perfectos para hogares con ni\u00f1os, amantes de las mascotas o quienes disfrutan de los detalles \u00fanicos que hacen la diferencia.<\/p>\n","protected":false},"excerpt":{"rendered":"<p>Los tapetes de bienvenida con dise\u00f1o de animalitos son la forma perfecta de darle un toque alegre y acogedor a la entrada de tu hogar. Con ilustraciones encantadoras de diferentes animales, estos tapetes no solo cumplen una funci\u00f3n pr\u00e1ctica, sino que tambi\u00e9n aportan personalidad y calidez desde el primer paso.<\/p>\n<p><a href=\"https:\/\/www.facebook.com\/Olympo.CORP\/\" target=\"_blank\" rel=\"noopener\">Visitar las redes de Olympo<\/a><\/p>\n","protected":false},"featured_media":1887,"comment_status":"open","ping_status":"closed","template":"","meta":[],"product_brand":[],"product_cat":[57],"product_tag":[],"class_list":{"0":"post-1296","1":"product","2":"type-product","3":"status-publish","4":"has-post-thumbnail","6":"product_cat-articulos-para-el-hogar","8":"first","9":"instock","10":"taxable","11":"shipping-taxable","12":"purchasable","13":"product-type-variable","14":"has-default-attributes","15":"add-to-wishlist-before_image"},"_links":{"self":[{"href":"https:\/\/olympomarket.com\/index.php\/wp-json\/wp\/v2\/product\/1296","targetHints":{"allow":["GET"]}}],"collection":[{"href":"https:\/\/olympomarket.com\/index.php\/wp-json\/wp\/v2\/product"}],"about":[{"href":"https:\/\/olympomarket.com\/index.php\/wp-json\/wp\/v2\/types\/product"}],"replies":[{"embeddable":true,"href":"https:\/\/olympomarket.com\/index.php\/wp-json\/wp\/v2\/comments?post=1296"}],"wp:featuredmedia":[{"embeddable":true,"href":"https:\/\/olympomarket.com\/index.php\/wp-json\/wp\/v2\/media\/1887"}],"wp:attachment":[{"href":"https:\/\/olympomarket.com\/index.php\/wp-json\/wp\/v2\/media?parent=1296"}],"wp:term":[{"taxonomy":"product_brand","embeddable":true,"href":"https:\/\/olympomarket.com\/index.php\/wp-json\/wp\/v2\/product_brand?post=1296"},{"taxonomy":"product_cat","embeddable":true,"href":"https:\/\/olympomarket.com\/index.php\/wp-json\/wp\/v2\/product_cat?post=1296"},{"taxonomy":"product_tag","embeddable":true,"href":"https:\/\/olympomarket.com\/index.php\/wp-json\/wp\/v2\/product_tag?post=1296"}],"curies":[{"name":"wp","href":"https:\/\/api.w.org\/{rel}","templated":true}]}}