{"id":1049,"date":"2025-07-29T15:20:55","date_gmt":"2025-07-29T20:20:55","guid":{"rendered":"https:\/\/olympomarket.com\/?post_type=product&#038;p=1049"},"modified":"2025-10-09T09:41:20","modified_gmt":"2025-10-09T14:41:20","slug":"bowls","status":"publish","type":"product","link":"https:\/\/olympomarket.com\/index.php\/product\/bowls\/","title":{"rendered":"Bowls"},"content":{"rendered":"<article class=\"text-token-text-primary w-full focus:outline-none [--shadow-height:45px] has-data-writing-block:pointer-events-none has-data-writing-block:-mt-(--shadow-height) has-data-writing-block:pt-(--shadow-height) [&amp;:has([data-writing-block])&gt;*]:pointer-events-auto scroll-mt-[calc(var(--header-height)+min(200px,max(70px,20svh)))]\" dir=\"auto\" tabindex=\"-1\" data-turn-id=\"request-68c31a36-20dc-8321-b443-b97f7d3bdc55-3\" data-testid=\"conversation-turn-168\" data-scroll-anchor=\"true\" data-turn=\"assistant\">\n<div class=\"text-base my-auto mx-auto pb-10 [--thread-content-margin:--spacing(4)] thread-sm:[--thread-content-margin:--spacing(6)] thread-lg:[--thread-content-margin:--spacing(16)] px-(--thread-content-margin)\">\n<div class=\"[--thread-content-max-width:40rem] thread-lg:[--thread-content-max-width:48rem] mx-auto max-w-(--thread-content-max-width) flex-1 group\/turn-messages focus-visible:outline-hidden relative flex w-full min-w-0 flex-col agent-turn\" tabindex=\"-1\">\n<div class=\"flex max-w-full flex-col grow\">\n<div class=\"min-h-8 text-message relative flex w-full flex-col items-end gap-2 text-start break-words whitespace-normal [.text-message+&amp;]:mt-5\" dir=\"auto\" data-message-author-role=\"assistant\" data-message-id=\"8bf74c62-34e2-480c-b2e2-9f07ef2bdca3\" data-message-model-slug=\"gpt-5\">\n<div class=\"flex w-full flex-col gap-1 empty:hidden first:pt-[1px]\">\n<div class=\"markdown prose dark:prose-invert w-full break-words dark markdown-new-styling\">\n<p data-start=\"0\" data-end=\"226\">Los bowls de Snoopy combinan encanto, funcionalidad y nostalgia en una sola pieza. Inspirados en el querido personaje de <em data-start=\"125\" data-end=\"134\">Peanuts<\/em>, estos bowls presentan divertidos y tiernos dise\u00f1os que aportan alegr\u00eda a cualquier mesa.<\/p>\n<p data-start=\"228\" data-end=\"592\">Fabricados con cer\u00e1mica de alta calidad, son resistentes y duraderos, ideales para el uso diario. Su tama\u00f1o es perfecto para servir cereales, frutas, postres, sopas o snacks, haciendo de cada comida un momento especial. Los detalles impresos de Snoopy y sus amigos mantienen sus colores vivos incluso tras m\u00faltiples lavados, garantizando una larga vida \u00fatil.<\/p>\n<p data-start=\"594\" data-end=\"855\">Gracias a su acabado suave y brillante, estos bowls no solo son pr\u00e1cticos, sino tambi\u00e9n decorativos, aportando un toque \u00fanico a tu cocina o comedor. Adem\u00e1s, son una excelente opci\u00f3n de regalo para amantes de Snoopy o coleccionistas de art\u00edculos tem\u00e1ticos.<\/p>\n<p data-start=\"857\" data-end=\"979\" data-is-last-node=\"\" data-is-only-node=\"\">Con los bowls de Snoopy, disfrutar tus comidas ser\u00e1 una experiencia llena de ternura, estilo y buenos recuerdos. \ud83c\udf53\ud83d\udc36\u2728<\/p>\n<\/div>\n<\/div>\n<\/div>\n<\/div>\n<\/div>\n<\/div>\n<\/article>\n<div class=\"pointer-events-none h-px w-px\" aria-hidden=\"true\" data-edge=\"true\"><\/div>\n","protected":false},"excerpt":{"rendered":"<p>Los bowls de Snoopy combinan encanto, funcionalidad y nostalgia en una sola pieza. Inspirados en el querido personaje de <em data-start=\"125\" data-end=\"134\">Peanuts<\/em>, estos bowls presentan divertidos y tiernos dise\u00f1os que aportan alegr\u00eda a cualquier mesa.<\/p>\n<p><a href=\"https:\/\/www.facebook.com\/Olympo.CORP\/\" target=\"_blank\" rel=\"noopener\">Visitar las redes de Olympo<\/a><\/p>\n","protected":false},"featured_media":1904,"comment_status":"open","ping_status":"closed","template":"","meta":[],"product_brand":[],"product_cat":[57],"product_tag":[],"class_list":{"0":"post-1049","1":"product","2":"type-product","3":"status-publish","4":"has-post-thumbnail","6":"product_cat-articulos-para-el-hogar","8":"first","9":"outofstock","10":"taxable","11":"shipping-taxable","12":"purchasable","13":"product-type-variable","14":"has-default-attributes","15":"add-to-wishlist-before_image"},"_links":{"self":[{"href":"https:\/\/olympomarket.com\/index.php\/wp-json\/wp\/v2\/product\/1049","targetHints":{"allow":["GET"]}}],"collection":[{"href":"https:\/\/olympomarket.com\/index.php\/wp-json\/wp\/v2\/product"}],"about":[{"href":"https:\/\/olympomarket.com\/index.php\/wp-json\/wp\/v2\/types\/product"}],"replies":[{"embeddable":true,"href":"https:\/\/olympomarket.com\/index.php\/wp-json\/wp\/v2\/comments?post=1049"}],"wp:featuredmedia":[{"embeddable":true,"href":"https:\/\/olympomarket.com\/index.php\/wp-json\/wp\/v2\/media\/1904"}],"wp:attachment":[{"href":"https:\/\/olympomarket.com\/index.php\/wp-json\/wp\/v2\/media?parent=1049"}],"wp:term":[{"taxonomy":"product_brand","embeddable":true,"href":"https:\/\/olympomarket.com\/index.php\/wp-json\/wp\/v2\/product_brand?post=1049"},{"taxonomy":"product_cat","embeddable":true,"href":"https:\/\/olympomarket.com\/index.php\/wp-json\/wp\/v2\/product_cat?post=1049"},{"taxonomy":"product_tag","embeddable":true,"href":"https:\/\/olympomarket.com\/index.php\/wp-json\/wp\/v2\/product_tag?post=1049"}],"curies":[{"name":"wp","href":"https:\/\/api.w.org\/{rel}","templated":true}]}}