{"id":357,"date":"2025-07-17T15:00:13","date_gmt":"2025-07-17T20:00:13","guid":{"rendered":"https:\/\/olympomarket.com\/?page_id=357"},"modified":"2025-10-13T10:45:13","modified_gmt":"2025-10-13T15:45:13","slug":"preguntas-frecuentes","status":"publish","type":"page","link":"https:\/\/olympomarket.com\/index.php\/preguntas-frecuentes\/","title":{"rendered":"Preguntas frecuentes"},"content":{"rendered":"<style>.kt-accordion-id357_3930ed-1e .kt-accordion-inner-wrap{column-gap:var(--global-kb-gap-md, 2rem);row-gap:10px;}.kt-accordion-id357_3930ed-1e .kt-accordion-panel-inner{border-top:0px solid transparent;border-right:0px solid transparent;border-bottom:0px solid transparent;border-left:0px solid transparent;background:#ffffff;padding-top:var(--global-kb-spacing-sm, 1.5rem);padding-right:var(--global-kb-spacing-sm, 1.5rem);padding-bottom:var(--global-kb-spacing-sm, 1.5rem);padding-left:var(--global-kb-spacing-sm, 1.5rem);}.kt-accordion-id357_3930ed-1e > .kt-accordion-inner-wrap > .wp-block-kadence-pane > .kt-accordion-header-wrap > .kt-blocks-accordion-header{border-top:1px solid #f2f2f2;border-right:1px solid #f2f2f2;border-bottom:1px solid #f2f2f2;border-left:1px solid #f2f2f2;border-top-left-radius:6px;border-top-right-radius:6px;border-bottom-right-radius:6px;border-bottom-left-radius:6px;background:#f2f2f2;color:#555555;padding-top:13px;padding-right:15px;padding-bottom:13px;padding-left:15px;}.kt-accordion-id357_3930ed-1e:not( .kt-accodion-icon-style-basiccircle ):not( .kt-accodion-icon-style-xclosecircle ):not( .kt-accodion-icon-style-arrowcircle )  > .kt-accordion-inner-wrap > .wp-block-kadence-pane > .kt-accordion-header-wrap .kt-blocks-accordion-icon-trigger:after, .kt-accordion-id357_3930ed-1e:not( .kt-accodion-icon-style-basiccircle ):not( .kt-accodion-icon-style-xclosecircle ):not( .kt-accodion-icon-style-arrowcircle )  > .kt-accordion-inner-wrap > .wp-block-kadence-pane > .kt-accordion-header-wrap .kt-blocks-accordion-icon-trigger:before{background:#555555;}.kt-accordion-id357_3930ed-1e:not( .kt-accodion-icon-style-basic ):not( .kt-accodion-icon-style-xclose ):not( .kt-accodion-icon-style-arrow ) .kt-blocks-accordion-icon-trigger{background:#555555;}.kt-accordion-id357_3930ed-1e:not( .kt-accodion-icon-style-basic ):not( .kt-accodion-icon-style-xclose ):not( .kt-accodion-icon-style-arrow ) .kt-blocks-accordion-icon-trigger:after, .kt-accordion-id357_3930ed-1e:not( .kt-accodion-icon-style-basic ):not( .kt-accodion-icon-style-xclose ):not( .kt-accodion-icon-style-arrow ) .kt-blocks-accordion-icon-trigger:before{background:#f2f2f2;}.kt-accordion-id357_3930ed-1e > .kt-accordion-inner-wrap > .wp-block-kadence-pane > .kt-accordion-header-wrap > .kt-blocks-accordion-header:hover, \n\t\t\t\tbody:not(.hide-focus-outline) .kt-accordion-id357_3930ed-1e .kt-blocks-accordion-header:focus-visible{color:#444444;background:#eeeeee;border-top:1px solid #878787;border-right:1px solid #878787;border-bottom:1px solid #878787;border-left:1px solid #878787;}.kt-accordion-id357_3930ed-1e:not( .kt-accodion-icon-style-basiccircle ):not( .kt-accodion-icon-style-xclosecircle ):not( .kt-accodion-icon-style-arrowcircle ) .kt-accordion-header-wrap .kt-blocks-accordion-header:hover .kt-blocks-accordion-icon-trigger:after, .kt-accordion-id357_3930ed-1e:not( .kt-accodion-icon-style-basiccircle ):not( .kt-accodion-icon-style-xclosecircle ):not( .kt-accodion-icon-style-arrowcircle ) .kt-accordion-header-wrap .kt-blocks-accordion-header:hover .kt-blocks-accordion-icon-trigger:before, body:not(.hide-focus-outline) .kt-accordion-id357_3930ed-1e:not( .kt-accodion-icon-style-basiccircle ):not( .kt-accodion-icon-style-xclosecircle ):not( .kt-accodion-icon-style-arrowcircle ) .kt-blocks-accordion--visible .kt-blocks-accordion-icon-trigger:after, body:not(.hide-focus-outline) .kt-accordion-id357_3930ed-1e:not( .kt-accodion-icon-style-basiccircle ):not( .kt-accodion-icon-style-xclosecircle ):not( .kt-accodion-icon-style-arrowcircle ) .kt-blocks-accordion-header:focus-visible .kt-blocks-accordion-icon-trigger:before{background:#444444;}.kt-accordion-id357_3930ed-1e:not( .kt-accodion-icon-style-basic ):not( .kt-accodion-icon-style-xclose ):not( .kt-accodion-icon-style-arrow ) .kt-accordion-header-wrap .kt-blocks-accordion-header:hover .kt-blocks-accordion-icon-trigger, body:not(.hide-focus-outline) .kt-accordion-id357_3930ed-1e:not( .kt-accodion-icon-style-basic ):not( .kt-accodion-icon-style-xclose ):not( .kt-accodion-icon-style-arrow ) .kt-accordion-header-wrap .kt-blocks-accordion-header:focus-visible .kt-blocks-accordion-icon-trigger{background:#444444;}.kt-accordion-id357_3930ed-1e:not( .kt-accodion-icon-style-basic ):not( .kt-accodion-icon-style-xclose ):not( .kt-accodion-icon-style-arrow ) .kt-accordion-header-wrap .kt-blocks-accordion-header:hover .kt-blocks-accordion-icon-trigger:after, .kt-accordion-id357_3930ed-1e:not( .kt-accodion-icon-style-basic ):not( .kt-accodion-icon-style-xclose ):not( .kt-accodion-icon-style-arrow ) .kt-accordion-header-wrap .kt-blocks-accordion-header:hover .kt-blocks-accordion-icon-trigger:before, body:not(.hide-focus-outline) .kt-accordion-id357_3930ed-1e:not( .kt-accodion-icon-style-basic ):not( .kt-accodion-icon-style-xclose ):not( .kt-accodion-icon-style-arrow ) .kt-accordion-header-wrap .kt-blocks-accordion-header:focus-visible .kt-blocks-accordion-icon-trigger:after, body:not(.hide-focus-outline) .kt-accordion-id357_3930ed-1e:not( .kt-accodion-icon-style-basic ):not( .kt-accodion-icon-style-xclose ):not( .kt-accodion-icon-style-arrow ) .kt-accordion-header-wrap .kt-blocks-accordion-header:focus-visible .kt-blocks-accordion-icon-trigger:before{background:#eeeeee;}.kt-accordion-id357_3930ed-1e .kt-accordion-header-wrap .kt-blocks-accordion-header:focus-visible,\n\t\t\t\t.kt-accordion-id357_3930ed-1e > .kt-accordion-inner-wrap > .wp-block-kadence-pane > .kt-accordion-header-wrap > .kt-blocks-accordion-header.kt-accordion-panel-active{color:#ffffff;background:var(--theme-palette-color-4, #141413);border-top:1px solid var(--theme-palette-color-1, #EFE518);border-right:1px solid var(--theme-palette-color-1, #EFE518);border-bottom:1px solid var(--theme-palette-color-1, #EFE518);border-left:1px solid var(--theme-palette-color-1, #EFE518);}.kt-accordion-id357_3930ed-1e:not( .kt-accodion-icon-style-basiccircle ):not( .kt-accodion-icon-style-xclosecircle ):not( .kt-accodion-icon-style-arrowcircle )  > .kt-accordion-inner-wrap > .wp-block-kadence-pane > .kt-accordion-header-wrap > .kt-blocks-accordion-header.kt-accordion-panel-active .kt-blocks-accordion-icon-trigger:after, .kt-accordion-id357_3930ed-1e:not( .kt-accodion-icon-style-basiccircle ):not( .kt-accodion-icon-style-xclosecircle ):not( .kt-accodion-icon-style-arrowcircle )  > .kt-accordion-inner-wrap > .wp-block-kadence-pane > .kt-accordion-header-wrap > .kt-blocks-accordion-header.kt-accordion-panel-active .kt-blocks-accordion-icon-trigger:before{background:#ffffff;}.kt-accordion-id357_3930ed-1e:not( .kt-accodion-icon-style-basic ):not( .kt-accodion-icon-style-xclose ):not( .kt-accodion-icon-style-arrow ) .kt-blocks-accordion-header.kt-accordion-panel-active .kt-blocks-accordion-icon-trigger{background:#ffffff;}.kt-accordion-id357_3930ed-1e:not( .kt-accodion-icon-style-basic ):not( .kt-accodion-icon-style-xclose ):not( .kt-accodion-icon-style-arrow ) .kt-blocks-accordion-header.kt-accordion-panel-active .kt-blocks-accordion-icon-trigger:after, .kt-accordion-id357_3930ed-1e:not( .kt-accodion-icon-style-basic ):not( .kt-accodion-icon-style-xclose ):not( .kt-accodion-icon-style-arrow ) .kt-blocks-accordion-header.kt-accordion-panel-active .kt-blocks-accordion-icon-trigger:before{background:var(--theme-palette-color-4, #141413);}@media all and (max-width: 1024px){.kt-accordion-id357_3930ed-1e .kt-accordion-panel-inner{border-top:0px solid transparent;border-right:0px solid transparent;border-bottom:0px solid transparent;border-left:0px solid transparent;}}@media all and (max-width: 1024px){.kt-accordion-id357_3930ed-1e > .kt-accordion-inner-wrap > .wp-block-kadence-pane > .kt-accordion-header-wrap > .kt-blocks-accordion-header{border-top:1px solid #f2f2f2;border-right:1px solid #f2f2f2;border-bottom:1px solid #f2f2f2;border-left:1px solid #f2f2f2;}}@media all and (max-width: 1024px){.kt-accordion-id357_3930ed-1e > .kt-accordion-inner-wrap > .wp-block-kadence-pane > .kt-accordion-header-wrap > .kt-blocks-accordion-header:hover, \n\t\t\t\tbody:not(.hide-focus-outline) .kt-accordion-id357_3930ed-1e .kt-blocks-accordion-header:focus-visible{border-top:1px solid #878787;border-right:1px solid #878787;border-bottom:1px solid #878787;border-left:1px solid #878787;}}@media all and (max-width: 1024px){.kt-accordion-id357_3930ed-1e .kt-accordion-header-wrap .kt-blocks-accordion-header:focus-visible,\n\t\t\t\t.kt-accordion-id357_3930ed-1e > .kt-accordion-inner-wrap > .wp-block-kadence-pane > .kt-accordion-header-wrap > .kt-blocks-accordion-header.kt-accordion-panel-active{border-top:1px solid var(--theme-palette-color-1, #EFE518);border-right:1px solid var(--theme-palette-color-1, #EFE518);border-bottom:1px solid var(--theme-palette-color-1, #EFE518);border-left:1px solid var(--theme-palette-color-1, #EFE518);}}@media all and (max-width: 767px){.kt-accordion-id357_3930ed-1e .kt-accordion-inner-wrap{display:block;}.kt-accordion-id357_3930ed-1e .kt-accordion-inner-wrap .kt-accordion-pane:not(:first-child){margin-top:10px;}.kt-accordion-id357_3930ed-1e .kt-accordion-panel-inner{border-top:0px solid transparent;border-right:0px solid transparent;border-bottom:0px solid transparent;border-left:0px solid transparent;}.kt-accordion-id357_3930ed-1e > .kt-accordion-inner-wrap > .wp-block-kadence-pane > .kt-accordion-header-wrap > .kt-blocks-accordion-header{border-top:1px solid #f2f2f2;border-right:1px solid #f2f2f2;border-bottom:1px solid #f2f2f2;border-left:1px solid #f2f2f2;}.kt-accordion-id357_3930ed-1e > .kt-accordion-inner-wrap > .wp-block-kadence-pane > .kt-accordion-header-wrap > .kt-blocks-accordion-header:hover, \n\t\t\t\tbody:not(.hide-focus-outline) .kt-accordion-id357_3930ed-1e .kt-blocks-accordion-header:focus-visible{border-top:1px solid #878787;border-right:1px solid #878787;border-bottom:1px solid #878787;border-left:1px solid #878787;}.kt-accordion-id357_3930ed-1e .kt-accordion-header-wrap .kt-blocks-accordion-header:focus-visible,\n\t\t\t\t.kt-accordion-id357_3930ed-1e > .kt-accordion-inner-wrap > .wp-block-kadence-pane > .kt-accordion-header-wrap > .kt-blocks-accordion-header.kt-accordion-panel-active{border-top:1px solid var(--theme-palette-color-1, #EFE518);border-right:1px solid var(--theme-palette-color-1, #EFE518);border-bottom:1px solid var(--theme-palette-color-1, #EFE518);border-left:1px solid var(--theme-palette-color-1, #EFE518);}}<\/style>\n<div class=\"wp-block-kadence-accordion alignnone\"><div class=\"kt-accordion-wrap kt-accordion-id357_3930ed-1e kt-accordion-has-6-panes kt-active-pane-0 kt-accordion-block kt-pane-header-alignment-left kt-accodion-icon-style-basic kt-accodion-icon-side-right\" style=\"max-width:none\"><div class=\"kt-accordion-inner-wrap\" data-allow-multiple-open=\"true\" data-start-open=\"none\">\n<div class=\"wp-block-kadence-pane kt-accordion-pane kt-accordion-pane-1 kt-pane357_7c0d33-17\"><div class=\"kt-accordion-header-wrap\"><button class=\"kt-blocks-accordion-header kt-acccordion-button-label-show\" type=\"button\"><span class=\"kt-blocks-accordion-title-wrap\"><span class=\"kt-blocks-accordion-title\"><strong>\u00bfPueden reparar las sillas en mi local?<\/strong><\/span><\/span><span class=\"kt-blocks-accordion-icon-trigger\"><\/span><\/button><\/div><div class=\"kt-accordion-panel kt-accordion-panel-hidden\"><div class=\"kt-accordion-panel-inner\">\n<p>S\u00ed, hacemos servicios de instalaci\u00f3n y reparaci\u00f3n a toda <strong>Lima<\/strong>, se coordina la fecha por interno. WhatsApp: <a href=\"https:\/\/api.whatsapp.com\/send?phone=51981583083&amp;text=Enlace%3A%0Ahttps%3A%2F%2Ffb.me%2FacB7dq1X1%0A%0A%C2%A1Hola%21+Podr%C3%ADas+darme+m%C3%A1s+informaci%C3%B3n+de...&amp;source_url=https%3A%2F%2Ffb.me%2FacB7dq1X1&amp;icebreaker=%C2%A1Hola%21+Podr%C3%ADas+darme+m%C3%A1s+informaci%C3%B3n+de...&amp;app=facebook&amp;entry_point=post_cta&amp;jid=51981583083%40s.whatsapp.net&amp;lid=142150582947936%40lid&amp;show_ad_attribution=1&amp;source=FB_Post&amp;token=eyJhbGciOiJFUzI1NiIsInR5cCI6IkpXVCIsImtpZCI6IjEyNSJ9.eyJleHAiOjE3NjA0NTUyNTAsInBob25lIjoiNTE5ODE1ODMwODMiLCJ0ZXh0IjoiRW5sYWNlOlxuaHR0cHM6XC9cL2ZiLm1lXC9hY0I3ZHExWDFcblxuXHUwMGExSG9sYSEgUG9kclx1MDBlZGFzIGRhcm1lIG1cdTAwZTFzIGluZm9ybWFjaVx1MDBmM24gZGUuLi4iLCJzb3VyY2VfdXJsIjoiaHR0cHM6XC9cL2ZiLm1lXC9hY0I3ZHExWDEiLCJpY2VicmVha2VyIjoiXHUwMGExSG9sYSEgUG9kclx1MDBlZGFzIGRhcm1lIG1cdTAwZTFzIGluZm9ybWFjaVx1MDBmM24gZGUuLi4iLCJhcHAiOiJmYWNlYm9vayIsImVudHJ5X3BvaW50IjoicG9zdF9jdGEiLCJqaWQiOiI1MTk4MTU4MzA4M1x1MDA0MHMud2hhdHNhcHAubmV0IiwibGlkIjoiMTQyMTUwNTgyOTQ3OTM2XHUwMDQwbGlkIiwic2hvd19hZF9hdHRyaWJ1dGlvbiI6MSwic291cmNlIjoiRkJfUG9zdCIsInNvdXJjZV9pZCI6IjEzNjE4NDM0ODU4ODc1ODAiLCJjb250ZXh0IjoiQWZmdFEzOUEwWGRZRGJRUDExZ1UxM3pfWnNWeGw4RS1haTJxZnRNdWQ4TnpBdkQyY1BaQm1MRFFkQ1J3NFZ2LU15VzQwcnl6azVWX2MzMFdtVXhyQUE4S2ZtMGtzbUxGZlhtUlVCVjdqX1hpT09JeXVoWHNQcjIxeWZ4dENEbU4xRDZaOFJ0RTdpRkYxcnNYZ0pQVlF1QjdVc1hNMFh4VmpYUExwQzlYYzNWdUlNNVRWR2hYbG9qRDVKR25md0wyU0JZMk1zMU9mMTZhc0pLUXNSbnpNQkpMMUJQLTR3X0ROdEItbTdaMHhJelZfLUJoZGRMcVNkTXdwbXpPd3JmWmJ1c2Z5TkFhbUVqQ1R3MHJ0N05wSHRjdE1PYVEwRWxvN3RhVGtqTWNmNjZiNUlxLWhhQ1JwbDA5TWJQZVQ4QUUxdmFyMXFCU1VURnl2QUxHOTY1OGZSSmM1clU4VDdvUVlxWE8tTFpwZTZLQiJ9.iENLYwJ-kXU8nEp2smGGdb2hpMZNP2r0XRB4DED9vqusoNad23df8tWfF0D8OoNsFo09qYW3lNiu_2Ai4ZLsjg&amp;fbclid=IwY2xjawNZ-FdleHRuA2FlbQIxMQBicmlkETF5aEhhWFdrcFY4MUNnUUNjAR4Jo9kW8DeuSQdQMqZ3BV0wjfYYh8jf8kyXhjCMTzDTpEgUmys5Ey7NUBMfHQ_aem_BxKmTy7QHg0qyo9UvP_PwQ\" target=\"_blank\" rel=\"noopener\">+51 981 583 083<\/a><\/p>\n<\/div><\/div><\/div>\n\n\n\n<div class=\"wp-block-kadence-pane kt-accordion-pane kt-accordion-pane-2 kt-pane357_163fb0-71\"><div class=\"kt-accordion-header-wrap\"><button class=\"kt-blocks-accordion-header kt-acccordion-button-label-show\" type=\"button\"><span class=\"kt-blocks-accordion-title-wrap\"><span class=\"kt-blocks-accordion-title\"><strong>\u00bfHacen env\u00edos?<\/strong><\/span><\/span><span class=\"kt-blocks-accordion-icon-trigger\"><\/span><\/button><\/div><div class=\"kt-accordion-panel kt-accordion-panel-hidden\"><div class=\"kt-accordion-panel-inner\">\n<p>S\u00ed, hacemos env\u00edos a toda <strong>Lima<\/strong>, el precio del delivery se cotiza seg\u00fan la direcci\u00f3n de env\u00edo. Si el env\u00edo es para <strong>provincia<\/strong>, se env\u00eda por Shalom o Marvisur. En caso de que desee que el env\u00edo se haga mediante otra agencia, se coordina por interno. WhatsApp: <a href=\"https:\/\/api.whatsapp.com\/send?phone=51981583083&amp;text=Enlace%3A%0Ahttps%3A%2F%2Ffb.me%2FacB7dq1X1%0A%0A%C2%A1Hola%21+Podr%C3%ADas+darme+m%C3%A1s+informaci%C3%B3n+de...&amp;source_url=https%3A%2F%2Ffb.me%2FacB7dq1X1&amp;icebreaker=%C2%A1Hola%21+Podr%C3%ADas+darme+m%C3%A1s+informaci%C3%B3n+de...&amp;app=facebook&amp;entry_point=post_cta&amp;jid=51981583083%40s.whatsapp.net&amp;lid=142150582947936%40lid&amp;show_ad_attribution=1&amp;source=FB_Post&amp;token=eyJhbGciOiJFUzI1NiIsInR5cCI6IkpXVCIsImtpZCI6IjEyNSJ9.eyJleHAiOjE3NjA0NTUyNTAsInBob25lIjoiNTE5ODE1ODMwODMiLCJ0ZXh0IjoiRW5sYWNlOlxuaHR0cHM6XC9cL2ZiLm1lXC9hY0I3ZHExWDFcblxuXHUwMGExSG9sYSEgUG9kclx1MDBlZGFzIGRhcm1lIG1cdTAwZTFzIGluZm9ybWFjaVx1MDBmM24gZGUuLi4iLCJzb3VyY2VfdXJsIjoiaHR0cHM6XC9cL2ZiLm1lXC9hY0I3ZHExWDEiLCJpY2VicmVha2VyIjoiXHUwMGExSG9sYSEgUG9kclx1MDBlZGFzIGRhcm1lIG1cdTAwZTFzIGluZm9ybWFjaVx1MDBmM24gZGUuLi4iLCJhcHAiOiJmYWNlYm9vayIsImVudHJ5X3BvaW50IjoicG9zdF9jdGEiLCJqaWQiOiI1MTk4MTU4MzA4M1x1MDA0MHMud2hhdHNhcHAubmV0IiwibGlkIjoiMTQyMTUwNTgyOTQ3OTM2XHUwMDQwbGlkIiwic2hvd19hZF9hdHRyaWJ1dGlvbiI6MSwic291cmNlIjoiRkJfUG9zdCIsInNvdXJjZV9pZCI6IjEzNjE4NDM0ODU4ODc1ODAiLCJjb250ZXh0IjoiQWZmdFEzOUEwWGRZRGJRUDExZ1UxM3pfWnNWeGw4RS1haTJxZnRNdWQ4TnpBdkQyY1BaQm1MRFFkQ1J3NFZ2LU15VzQwcnl6azVWX2MzMFdtVXhyQUE4S2ZtMGtzbUxGZlhtUlVCVjdqX1hpT09JeXVoWHNQcjIxeWZ4dENEbU4xRDZaOFJ0RTdpRkYxcnNYZ0pQVlF1QjdVc1hNMFh4VmpYUExwQzlYYzNWdUlNNVRWR2hYbG9qRDVKR25md0wyU0JZMk1zMU9mMTZhc0pLUXNSbnpNQkpMMUJQLTR3X0ROdEItbTdaMHhJelZfLUJoZGRMcVNkTXdwbXpPd3JmWmJ1c2Z5TkFhbUVqQ1R3MHJ0N05wSHRjdE1PYVEwRWxvN3RhVGtqTWNmNjZiNUlxLWhhQ1JwbDA5TWJQZVQ4QUUxdmFyMXFCU1VURnl2QUxHOTY1OGZSSmM1clU4VDdvUVlxWE8tTFpwZTZLQiJ9.iENLYwJ-kXU8nEp2smGGdb2hpMZNP2r0XRB4DED9vqusoNad23df8tWfF0D8OoNsFo09qYW3lNiu_2Ai4ZLsjg&amp;fbclid=IwY2xjawNZ-FdleHRuA2FlbQIxMQBicmlkETF5aEhhWFdrcFY4MUNnUUNjAR4Jo9kW8DeuSQdQMqZ3BV0wjfYYh8jf8kyXhjCMTzDTpEgUmys5Ey7NUBMfHQ_aem_BxKmTy7QHg0qyo9UvP_PwQ\" target=\"_blank\" rel=\"noopener\">+51 981 583 083<\/a><\/p>\n<\/div><\/div><\/div>\n\n\n\n<div class=\"wp-block-kadence-pane kt-accordion-pane kt-accordion-pane-3 kt-pane357_b4822c-90\"><div class=\"kt-accordion-header-wrap\"><button class=\"kt-blocks-accordion-header kt-acccordion-button-label-show\" type=\"button\"><span class=\"kt-blocks-accordion-title-wrap\"><span class=\"kt-blocks-accordion-title\"><strong>\u00bfLas sillas se pueden enviar ya armadas?<\/strong><\/span><\/span><span class=\"kt-blocks-accordion-icon-trigger\"><\/span><\/button><\/div><div class=\"kt-accordion-panel kt-accordion-panel-hidden\"><div class=\"kt-accordion-panel-inner\">\n<p>S\u00ed, Olympo cuenta con una movilidad que programa la ruta de env\u00edos, solamente se coordina la fecha con el cliente. <strong>No hay costo adicional por este tipo de env\u00edo<\/strong>, y solo aplica para deliverys en Lima.<\/p>\n<\/div><\/div><\/div>\n\n\n\n<div class=\"wp-block-kadence-pane kt-accordion-pane kt-accordion-pane-4 kt-pane357_7d7cb6-f0\"><div class=\"kt-accordion-header-wrap\"><button class=\"kt-blocks-accordion-header kt-acccordion-button-label-show\" type=\"button\"><span class=\"kt-blocks-accordion-title-wrap\"><span class=\"kt-blocks-accordion-title\"><strong>\u00bfCu\u00e1les son los medios de pago?<\/strong><\/span><\/span><span class=\"kt-blocks-accordion-icon-trigger\"><\/span><\/button><\/div><div class=\"kt-accordion-panel kt-accordion-panel-hidden\"><div class=\"kt-accordion-panel-inner\">\n<p>Olympo trabaja con billeteras digitales (Yape, Plin), transferencias bancarias y efectivo. Para ver el n\u00famero de celular, o el n\u00b0 de cuenta al que se debe abonar, puede iniciar un proceso de compra en esta web o por WhatsApp.<\/p>\n<\/div><\/div><\/div>\n\n\n\n<div class=\"wp-block-kadence-pane kt-accordion-pane kt-accordion-pane-5 kt-pane357_dac31f-3f\"><div class=\"kt-accordion-header-wrap\"><button class=\"kt-blocks-accordion-header kt-acccordion-button-label-show\" type=\"button\"><span class=\"kt-blocks-accordion-title-wrap\"><span class=\"kt-blocks-accordion-title\"><strong>\u00bfEl pago puede ser contra entrega?<\/strong><\/span><\/span><span class=\"kt-blocks-accordion-icon-trigger\"><\/span><\/button><\/div><div class=\"kt-accordion-panel kt-accordion-panel-hidden\"><div class=\"kt-accordion-panel-inner\">\n<p>S\u00ed, pero siempre se trabaja con un m\u00ednimo de adelanto por temas de seguridad.<\/p>\n<\/div><\/div><\/div>\n\n\n\n<div class=\"wp-block-kadence-pane kt-accordion-pane kt-accordion-pane-6 kt-pane357_882012-95\"><div class=\"kt-accordion-header-wrap\"><button class=\"kt-blocks-accordion-header kt-acccordion-button-label-show\" type=\"button\"><span class=\"kt-blocks-accordion-title-wrap\"><span class=\"kt-blocks-accordion-title\"><strong>\u00bfCuentan con local?, \u00bfd\u00f3nde est\u00e1n ubicados?<\/strong><\/span><\/span><span class=\"kt-blocks-accordion-icon-trigger\"><\/span><\/button><\/div><div class=\"kt-accordion-panel kt-accordion-panel-hidden\"><div class=\"kt-accordion-panel-inner\">\n<p>S\u00ed, estamos ubicados en San Mart\u00edn de Porres (SMP), a la espalda de la Av. Huandoy con Av. Alisos. <\/p>\n\n\n\n<p>Ubicaci\u00f3n exacta en Google Maps: <a href=\"https:\/\/maps.app.goo.gl\/y22PdV6YxJetvfZw9\" target=\"_blank\" rel=\"noopener\">https:\/\/maps.app.goo.gl\/y22PdV6YxJetvfZw9<\/a><\/p>\n<\/div><\/div><\/div>\n<\/div><\/div><\/div>\n\n\n\n<p><\/p>\n","protected":false},"excerpt":{"rendered":"","protected":false},"author":1,"featured_media":0,"parent":0,"menu_order":0,"comment_status":"closed","ping_status":"closed","template":"","meta":{"footnotes":""},"class_list":["post-357","page","type-page","status-publish","hentry"],"blocksy_meta":[],"_links":{"self":[{"href":"https:\/\/olympomarket.com\/index.php\/wp-json\/wp\/v2\/pages\/357","targetHints":{"allow":["GET"]}}],"collection":[{"href":"https:\/\/olympomarket.com\/index.php\/wp-json\/wp\/v2\/pages"}],"about":[{"href":"https:\/\/olympomarket.com\/index.php\/wp-json\/wp\/v2\/types\/page"}],"author":[{"embeddable":true,"href":"https:\/\/olympomarket.com\/index.php\/wp-json\/wp\/v2\/users\/1"}],"replies":[{"embeddable":true,"href":"https:\/\/olympomarket.com\/index.php\/wp-json\/wp\/v2\/comments?post=357"}],"version-history":[{"count":6,"href":"https:\/\/olympomarket.com\/index.php\/wp-json\/wp\/v2\/pages\/357\/revisions"}],"predecessor-version":[{"id":1927,"href":"https:\/\/olympomarket.com\/index.php\/wp-json\/wp\/v2\/pages\/357\/revisions\/1927"}],"wp:attachment":[{"href":"https:\/\/olympomarket.com\/index.php\/wp-json\/wp\/v2\/media?parent=357"}],"curies":[{"name":"wp","href":"https:\/\/api.w.org\/{rel}","templated":true}]}}